{"id":737,"date":"2018-11-19T10:38:09","date_gmt":"2018-11-19T10:38:09","guid":{"rendered":"https:\/\/izpioptika.com\/izpi-taldea\/"},"modified":"2022-04-04T10:33:03","modified_gmt":"2022-04-04T10:33:03","slug":"equipo-izpi","status":"publish","type":"page","link":"https:\/\/izpioptika.com\/es\/equipo-izpi\/","title":{"rendered":"Izpi"},"content":{"rendered":"<div id='izpi-taldea-presentacion'  class='avia-section main_color avia-section-no-padding avia-no-border-styling avia-bg-style-scroll  avia-builder-el-0  el_before_av_section  avia-builder-el-first   container_wrap fullsize' style='background-repeat: repeat; background-image: url(https:\/\/izpioptika.com\/wp-content\/uploads\/2018\/11\/Izpi-Optika-bg-4.jpg);background-attachment: scroll; background-position: top left;  '  data-section-bg-repeat='repeat'><div class='container' ><main  role=\"main\" itemprop=\"mainContentOfPage\"  class='template-page content  av-content-full alpha units'><div class='post-entry post-entry-type-page post-entry-737'><div class='entry-content-wrapper clearfix'>\n<div class=\"flex_column av_one_full  av-animated-generic top-to-bottom  flex_column_div av-zero-column-padding first  avia-builder-el-1  el_before_av_one_fourth  avia-builder-el-first  \" style='border-radius:0px; '><p><div  style='height:75px' class='hr hr-invisible   avia-builder-el-2  el_before_av_textblock  avia-builder-el-first '><span class='hr-inner ' ><span class='hr-inner-style'><\/span><\/span><\/div><br \/>\n<section class=\"av_textblock_section \"  itemscope=\"itemscope\" itemtype=\"https:\/\/schema.org\/CreativeWork\" ><div class='avia_textblock  '   itemprop=\"text\" ><h1 style=\"text-align: center;\">EQUIPO<strong>IZPI<\/strong><\/h1>\n<\/div><\/section><\/p><\/div><div class=\"flex_column av_one_fourth  flex_column_div av-zero-column-padding first  avia-builder-el-4  el_after_av_one_full  el_before_av_one_half  column-top-margin\" style='border-radius:0px; '><\/div><div class=\"flex_column av_one_half  flex_column_div av-zero-column-padding   avia-builder-el-5  el_after_av_one_fourth  el_before_av_one_fourth  column-top-margin\" style='border-radius:0px; '><section class=\"av_textblock_section \"  itemscope=\"itemscope\" itemtype=\"https:\/\/schema.org\/CreativeWork\" ><div class='avia_textblock  '   itemprop=\"text\" ><p style=\"text-align: center;\">Llevamos m\u00e1s de 20 a\u00f1os asesor\u00e1ndote y cuidando de tus ojos y tu audici\u00f3n.<\/p>\n<p style=\"text-align: center;\">Realizamos an\u00e1lisis optom\u00e9tricos mediantes los que poder dar un diagn\u00f3stico y tratamiento adecuado.<\/p>\n<p style=\"text-align: center;\">En nuestra \u00f3ptica disponemos de los \u00faltimos avances tecnol\u00f3gicos que nos permiten valorar el estado visual de nuestros pacientes.<\/p>\n<p style=\"text-align: center;\">Somos especialistas en terapia visual y visi\u00f3n infantil.<\/p>\n<\/div><\/section><\/div><div class=\"flex_column av_one_fourth  flex_column_div av-zero-column-padding   avia-builder-el-7  el_after_av_one_half  el_before_av_hr  column-top-margin\" style='border-radius:0px; '><\/div><div  style='height:125px' class='hr hr-invisible  av-small-hide av-mini-hide  avia-builder-el-8  el_after_av_one_fourth  avia-builder-el-last '><span class='hr-inner ' ><span class='hr-inner-style'><\/span><\/span><\/div>\n\n<\/div><\/div><\/main><!-- close content main element --><\/div><\/div><div id='izpi-taldea'  class='avia-section main_color avia-section-no-padding avia-no-border-styling avia-bg-style-scroll  avia-builder-el-9  el_after_av_section  el_before_av_section   av-small-hide av-mini-hide container_wrap fullsize' style='background-repeat: repeat; background-image: url(https:\/\/izpioptika.com\/wp-content\/uploads\/2018\/11\/Izpi-Optika-bg-4.jpg);background-attachment: scroll; background-position: top left;  '  data-section-bg-repeat='repeat'><div class='container' ><div class='template-page content  av-content-full alpha units'><div class='post-entry post-entry-type-page post-entry-737'><div class='entry-content-wrapper clearfix'>\n<div class=\"flex_column av_one_third  av-animated-generic bottom-to-top  flex_column_div av-zero-column-padding first  avia-builder-el-10  el_before_av_one_third  avia-builder-el-first  \" style='border-radius:0px; '><br \/>\n<div  class='avia-image-container  av-styling-no-styling    avia-builder-el-12  el_after_av_codeblock  avia-builder-el-last  avia-align-center '  itemprop=\"image\" itemscope=\"itemscope\" itemtype=\"https:\/\/schema.org\/ImageObject\"  ><div class='avia-image-container-inner'><div class='avia-image-overlay-wrap'><img class='avia_image' src='https:\/\/izpioptika.com\/wp-content\/uploads\/2018\/11\/izpi-optika-taldea-alona.jpg' alt='' title='izpi optika taldea alona' height=\"600\" width=\"450\"  itemprop=\"thumbnailUrl\"  \/><\/div><\/div><\/div><\/p><\/div><div class=\"flex_column av_one_third  av-animated-generic bottom-to-top  flex_column_div av-zero-column-padding   avia-builder-el-13  el_after_av_one_third  el_before_av_one_third  \" style='border-radius:0px; '><br \/>\n<div  class='avia-image-container  av-styling-no-styling    avia-builder-el-15  el_after_av_codeblock  avia-builder-el-last  avia-align-center '  itemprop=\"image\" itemscope=\"itemscope\" itemtype=\"https:\/\/schema.org\/ImageObject\"  ><div class='avia-image-container-inner'><div class='avia-image-overlay-wrap'><img class='avia_image' src='https:\/\/izpioptika.com\/wp-content\/uploads\/2018\/11\/izpi-optika-taldea-amaia.jpg' alt='' title='izpi optika taldea amaia' height=\"600\" width=\"450\"  itemprop=\"thumbnailUrl\"  \/><\/div><\/div><\/div><\/p><\/div><div class=\"flex_column av_one_third  av-animated-generic bottom-to-top  flex_column_div av-zero-column-padding   avia-builder-el-16  el_after_av_one_third  el_before_av_one_third  \" style='border-radius:0px; '><br \/>\n<div  class='avia-image-container  av-styling-no-styling    avia-builder-el-18  el_after_av_codeblock  avia-builder-el-last  avia-align-center '  itemprop=\"image\" itemscope=\"itemscope\" itemtype=\"https:\/\/schema.org\/ImageObject\"  ><div class='avia-image-container-inner'><div class='avia-image-overlay-wrap'><img class='avia_image' src='https:\/\/izpioptika.com\/wp-content\/uploads\/2018\/11\/izpi-optika-taldea-gentzane.jpg' alt='' title='izpi optika taldea gentzane' height=\"600\" width=\"450\"  itemprop=\"thumbnailUrl\"  \/><\/div><\/div><\/div><\/p><\/div><div class=\"flex_column av_one_third  av-animated-generic fade-in  flex_column_div av-zero-column-padding first  avia-builder-el-19  el_after_av_one_third  el_before_av_one_third  column-top-margin\" style='border-radius:0px; '><section class=\"av_textblock_section \"  itemscope=\"itemscope\" itemtype=\"https:\/\/schema.org\/CreativeWork\" ><div class='avia_textblock  '   itemprop=\"text\" ><p style=\"text-align: center;\">ALO\u00d1A LARRA\u00d1AGA<\/p>\n<hr \/>\n<p style=\"text-align: center;\">Optico Optometrista. Col. n\u00ba 9329<\/p>\n<hr \/>\n<p style=\"text-align: center;\">Audi\u00f3loga<\/p>\n<\/div><\/section><\/div><div class=\"flex_column av_one_third  av-animated-generic fade-in  flex_column_div av-zero-column-padding   avia-builder-el-21  el_after_av_one_third  el_before_av_one_third  column-top-margin\" style='border-radius:0px; '><section class=\"av_textblock_section \"  itemscope=\"itemscope\" itemtype=\"https:\/\/schema.org\/CreativeWork\" ><div class='avia_textblock  '   itemprop=\"text\" ><p style=\"text-align: center;\">AMAIA URANGA<\/p>\n<hr \/>\n<p style=\"text-align: center;\">T\u00e9cnico de Optica<\/p>\n<hr \/>\n<\/div><\/section><\/div><div class=\"flex_column av_one_third  av-animated-generic fade-in  flex_column_div av-zero-column-padding   avia-builder-el-23  el_after_av_one_third  el_before_av_hr  column-top-margin\" style='border-radius:0px; '><section class=\"av_textblock_section \"  itemscope=\"itemscope\" itemtype=\"https:\/\/schema.org\/CreativeWork\" ><div class='avia_textblock  '   itemprop=\"text\" ><p style=\"text-align: center;\">GENTZANE GARC\u00cdA<\/p>\n<hr \/>\n<p style=\"text-align: center;\">Optometrista. Col. n\u00ba 13401<\/p>\n<hr \/>\n<p style=\"text-align: center;\">Terapia Visual<\/p>\n<\/div><\/section><\/div><div  style='height:125px' class='hr hr-invisible   avia-builder-el-25  el_after_av_one_third  avia-builder-el-last '><span class='hr-inner ' ><span class='hr-inner-style'><\/span><\/span><\/div>\n<\/div><\/div><\/div><!-- close content main div --><\/div><\/div><div id='izpi-taldea-movil'  class='avia-section main_color avia-section-no-padding avia-no-border-styling avia-bg-style-scroll  avia-builder-el-26  el_after_av_section  el_before_av_horizontal_gallery   av-desktop-hide av-medium-hide container_wrap fullsize' style='background-repeat: repeat; background-image: url(https:\/\/izpioptika.com\/wp-content\/uploads\/2018\/11\/Izpi-Optika-bg-4.jpg);background-attachment: scroll; background-position: top left;  '  data-section-bg-repeat='repeat'><div class='container' ><div class='template-page content  av-content-full alpha units'><div class='post-entry post-entry-type-page post-entry-737'><div class='entry-content-wrapper clearfix'>\n<div class=\"flex_column av_one_full  av-animated-generic bottom-to-top  flex_column_div av-zero-column-padding first  avia-builder-el-27  el_before_av_one_full  avia-builder-el-first  \" style='border-radius:0px; '><br \/>\n<div  class='avia-image-container  av-styling-no-styling    avia-builder-el-29  el_after_av_codeblock  avia-builder-el-last  avia-align-center '  itemprop=\"image\" itemscope=\"itemscope\" itemtype=\"https:\/\/schema.org\/ImageObject\"  ><div class='avia-image-container-inner'><div class='avia-image-overlay-wrap'><img class='avia_image' src='https:\/\/izpioptika.com\/wp-content\/uploads\/2018\/11\/izpi-optika-taldea-alona.jpg' alt='' title='izpi optika taldea alona' height=\"600\" width=\"450\"  itemprop=\"thumbnailUrl\"  \/><\/div><\/div><\/div><\/p><\/div><div class=\"flex_column av_one_full  av-animated-generic fade-in  flex_column_div av-zero-column-padding first  avia-builder-el-30  el_after_av_one_full  el_before_av_one_full  column-top-margin\" style='border-radius:0px; '><section class=\"av_textblock_section \"  itemscope=\"itemscope\" itemtype=\"https:\/\/schema.org\/CreativeWork\" ><div class='avia_textblock  '   itemprop=\"text\" ><p style=\"text-align: center;\">ALO\u00d1A LARRA\u00d1AGA<\/p>\n<hr \/>\n<p style=\"text-align: center;\">Optico Optometrista. Col. n\u00ba 9329<\/p>\n<hr \/>\n<p style=\"text-align: center;\">Audi\u00f3loga<\/p>\n<\/div><\/section><\/div><div class=\"flex_column av_one_full  av-animated-generic bottom-to-top  flex_column_div av-zero-column-padding first  avia-builder-el-32  el_after_av_one_full  el_before_av_one_full  column-top-margin\" style='border-radius:0px; '><br \/>\n<div  class='avia-image-container  av-styling-no-styling    avia-builder-el-34  el_after_av_codeblock  avia-builder-el-last  avia-align-center '  itemprop=\"image\" itemscope=\"itemscope\" itemtype=\"https:\/\/schema.org\/ImageObject\"  ><div class='avia-image-container-inner'><div class='avia-image-overlay-wrap'><img class='avia_image' src='https:\/\/izpioptika.com\/wp-content\/uploads\/2018\/11\/izpi-optika-taldea-amaia.jpg' alt='' title='izpi optika taldea amaia' height=\"600\" width=\"450\"  itemprop=\"thumbnailUrl\"  \/><\/div><\/div><\/div><\/p><\/div><div class=\"flex_column av_one_full  av-animated-generic fade-in  flex_column_div av-zero-column-padding first  avia-builder-el-35  el_after_av_one_full  el_before_av_one_full  column-top-margin\" style='border-radius:0px; '><section class=\"av_textblock_section \"  itemscope=\"itemscope\" itemtype=\"https:\/\/schema.org\/CreativeWork\" ><div class='avia_textblock  '   itemprop=\"text\" ><p style=\"text-align: center;\">AMAIA URANGA<\/p>\n<hr \/>\n<p style=\"text-align: center;\">T\u00e9cnico de Optica<\/p>\n<hr \/>\n<\/div><\/section><\/div><div class=\"flex_column av_one_full  av-animated-generic bottom-to-top  flex_column_div av-zero-column-padding first  avia-builder-el-37  el_after_av_one_full  el_before_av_one_full  column-top-margin\" style='border-radius:0px; '><br \/>\n<div  class='avia-image-container  av-styling-no-styling    avia-builder-el-39  el_after_av_codeblock  avia-builder-el-last  avia-align-center '  itemprop=\"image\" itemscope=\"itemscope\" itemtype=\"https:\/\/schema.org\/ImageObject\"  ><div class='avia-image-container-inner'><div class='avia-image-overlay-wrap'><img class='avia_image' src='https:\/\/izpioptika.com\/wp-content\/uploads\/2018\/11\/izpi-optika-taldea-gentzane.jpg' alt='' title='izpi optika taldea gentzane' height=\"600\" width=\"450\"  itemprop=\"thumbnailUrl\"  \/><\/div><\/div><\/div><\/p><\/div><div class=\"flex_column av_one_full  av-animated-generic fade-in  flex_column_div av-zero-column-padding first  avia-builder-el-40  el_after_av_one_full  el_before_av_hr  column-top-margin\" style='border-radius:0px; '><section class=\"av_textblock_section \"  itemscope=\"itemscope\" itemtype=\"https:\/\/schema.org\/CreativeWork\" ><div class='avia_textblock  '   itemprop=\"text\" ><p style=\"text-align: center;\">GENTZANE GARC\u00cdA<\/p>\n<hr \/>\n<p style=\"text-align: center;\">Doctora en Optometr\u00eda<\/p>\n<hr \/>\n<p style=\"text-align: center;\">Terapia Visual<\/p>\n<\/div><\/section><\/div><div  style='height:50px' class='hr hr-invisible   avia-builder-el-42  el_after_av_one_full  avia-builder-el-last '><span class='hr-inner ' ><span class='hr-inner-style'><\/span><\/span><\/div>\n<\/p>\n<div  id=\"galeria-izpi\"  class='av-horizontal-gallery av-horizontal-gallery-no-gap av-horizontal-gallery-enlarge-effect av-horizontal-gallery-1  avia-builder-el-43  el_after_av_section  el_before_av_postcontent  av-control-minimal '  itemprop=\"image\" itemscope=\"itemscope\" itemtype=\"https:\/\/schema.org\/ImageObject\"  style='padding: 3% 0px;' data-av-enlarge='1.3'  ><div class='avia-slideshow-arrows avia-slideshow-controls'><a href='#prev' class='prev-slide av-horizontal-gallery-prev' aria-hidden='true' data-av_icon='\ue87c' data-av_iconfont='entypo-fontello'>Anterior<\/a><a href='#next' class='next-slide av-horizontal-gallery-next' aria-hidden='true' data-av_icon='\ue87d' data-av_iconfont='entypo-fontello'>Posterior<\/a><\/div><div class='av-horizontal-gallery-inner' style='padding-bottom:20%' data-av-height='20'><div class='av-horizontal-gallery-slider'><div class='av-horizontal-gallery-wrap noHover'><img class='av-horizontal-gallery-img' width='900' height='600' src='https:\/\/izpioptika.com\/wp-content\/uploads\/2018\/11\/izpi-optika-2.jpg' title='izpi optika - colecciones gafas' alt='' \/><a href='https:\/\/izpioptika.com\/wp-content\/uploads\/2018\/11\/izpi-optika-2.jpg'  class='av-horizontal-gallery-link' aria-hidden='true' data-av_icon='\ue869' data-av_iconfont='entypo-fontello' title=''><\/a><\/div><div class='av-horizontal-gallery-wrap noHover'><img class='av-horizontal-gallery-img' width='601' height='900' src='https:\/\/izpioptika.com\/wp-content\/uploads\/2018\/11\/izpi-optika-1.jpg' title='izpi optika - colecciones gafas ni\u00f1os' alt='' \/><a href='https:\/\/izpioptika.com\/wp-content\/uploads\/2018\/11\/izpi-optika-1.jpg'  class='av-horizontal-gallery-link' aria-hidden='true' data-av_icon='\ue869' data-av_iconfont='entypo-fontello' title=''><\/a><\/div><div class='av-horizontal-gallery-wrap noHover'><img class='av-horizontal-gallery-img' width='900' height='600' src='https:\/\/izpioptika.com\/wp-content\/uploads\/2018\/11\/izpi-optika-12.jpg' title='izpi optika - optika zerbitzuak' alt='' \/><a href='https:\/\/izpioptika.com\/wp-content\/uploads\/2018\/11\/izpi-optika-12.jpg'  class='av-horizontal-gallery-link' aria-hidden='true' data-av_icon='\ue869' data-av_iconfont='entypo-fontello' title=''><\/a><\/div><div class='av-horizontal-gallery-wrap noHover'><img class='av-horizontal-gallery-img' width='900' height='600' src='https:\/\/izpioptika.com\/wp-content\/uploads\/2018\/11\/izpi-optika-15.jpg' title='izpi optika - coleccion sol' alt='' \/><a href='https:\/\/izpioptika.com\/wp-content\/uploads\/2018\/11\/izpi-optika-15.jpg'  class='av-horizontal-gallery-link' aria-hidden='true' data-av_icon='\ue869' data-av_iconfont='entypo-fontello' title=''><\/a><\/div><div class='av-horizontal-gallery-wrap noHover'><img class='av-horizontal-gallery-img' width='900' height='600' src='https:\/\/izpioptika.com\/wp-content\/uploads\/2018\/11\/izpi-optika-10.jpg' title='izpi optika - optika zerbitzuak' alt='' \/><a href='https:\/\/izpioptika.com\/wp-content\/uploads\/2018\/11\/izpi-optika-10.jpg'  class='av-horizontal-gallery-link' aria-hidden='true' data-av_icon='\ue869' data-av_iconfont='entypo-fontello' title=''><\/a><\/div><div class='av-horizontal-gallery-wrap noHover'><img class='av-horizontal-gallery-img' width='900' height='601' src='https:\/\/izpioptika.com\/wp-content\/uploads\/2018\/11\/izpi-optika-14.jpg' title='izpi optika - audio zerbitzuak' alt='' \/><a href='https:\/\/izpioptika.com\/wp-content\/uploads\/2018\/11\/izpi-optika-14.jpg'  class='av-horizontal-gallery-link' aria-hidden='true' data-av_icon='\ue869' data-av_iconfont='entypo-fontello' title=''><\/a><\/div><div class='av-horizontal-gallery-wrap noHover'><img class='av-horizontal-gallery-img' width='900' height='600' src='https:\/\/izpioptika.com\/wp-content\/uploads\/2018\/11\/izpi-optika-13.jpg' title='izpi optika - reeducacion auditiva' alt='' \/><a href='https:\/\/izpioptika.com\/wp-content\/uploads\/2018\/11\/izpi-optika-13.jpg'  class='av-horizontal-gallery-link' aria-hidden='true' data-av_icon='\ue869' data-av_iconfont='entypo-fontello' title=''><\/a><\/div><div class='av-horizontal-gallery-wrap noHover'><img class='av-horizontal-gallery-img' width='600' height='900' src='https:\/\/izpioptika.com\/wp-content\/uploads\/2018\/11\/izpi-optika-5.jpg' title='izpi optika - colecciones gafas ni\u00f1os' alt='' \/><a href='https:\/\/izpioptika.com\/wp-content\/uploads\/2018\/11\/izpi-optika-5.jpg'  class='av-horizontal-gallery-link' aria-hidden='true' data-av_icon='\ue869' data-av_iconfont='entypo-fontello' title=''><\/a><\/div><div class='av-horizontal-gallery-wrap noHover'><img class='av-horizontal-gallery-img' width='900' height='600' src='https:\/\/izpioptika.com\/wp-content\/uploads\/2018\/11\/izpi-optika-6.jpg' title='izpi optika - colecciones gafas' alt='' \/><a href='https:\/\/izpioptika.com\/wp-content\/uploads\/2018\/11\/izpi-optika-6.jpg'  class='av-horizontal-gallery-link' aria-hidden='true' data-av_icon='\ue869' data-av_iconfont='entypo-fontello' title=''><\/a><\/div><div class='av-horizontal-gallery-wrap noHover'><img class='av-horizontal-gallery-img' width='600' height='900' src='https:\/\/izpioptika.com\/wp-content\/uploads\/2018\/11\/izpi-optika-9.jpg' title='izpi optika - optika zerbitzuak' alt='' \/><a href='https:\/\/izpioptika.com\/wp-content\/uploads\/2018\/11\/izpi-optika-9.jpg'  class='av-horizontal-gallery-link' aria-hidden='true' data-av_icon='\ue869' data-av_iconfont='entypo-fontello' title=''><\/a><\/div><div class='av-horizontal-gallery-wrap noHover'><img class='av-horizontal-gallery-img' width='900' height='601' src='https:\/\/izpioptika.com\/wp-content\/uploads\/2018\/11\/izpi-optika-7.jpg' title='izpi optika - optika zerbitzuak' alt='' \/><a href='https:\/\/izpioptika.com\/wp-content\/uploads\/2018\/11\/izpi-optika-7.jpg'  class='av-horizontal-gallery-link' aria-hidden='true' data-av_icon='\ue869' data-av_iconfont='entypo-fontello' title=''><\/a><\/div><div class='av-horizontal-gallery-wrap noHover'><img class='av-horizontal-gallery-img' width='900' height='600' src='https:\/\/izpioptika.com\/wp-content\/uploads\/2018\/11\/izpi-optika-8.jpg' title='izpi optika - optika zerbitzuak' alt='' \/><a href='https:\/\/izpioptika.com\/wp-content\/uploads\/2018\/11\/izpi-optika-8.jpg'  class='av-horizontal-gallery-link' aria-hidden='true' data-av_icon='\ue869' data-av_iconfont='entypo-fontello' title=''><\/a><\/div><div class='av-horizontal-gallery-wrap noHover'><img class='av-horizontal-gallery-img' width='600' height='900' src='https:\/\/izpioptika.com\/wp-content\/uploads\/2018\/11\/izpi-optika-4.jpg' title='izpi optika - colecciones gafas' alt='' \/><a href='https:\/\/izpioptika.com\/wp-content\/uploads\/2018\/11\/izpi-optika-4.jpg'  class='av-horizontal-gallery-link' aria-hidden='true' data-av_icon='\ue869' data-av_iconfont='entypo-fontello' title=''><\/a><\/div><\/div><\/div><\/div>\n[av_section min_height='' min_height_px='500px' padding='default' shadow='no-shadow' bottom_border='no-border-styling' bottom_border_diagonal_color='#333333' bottom_border_diagonal_direction='' bottom_border_style='' custom_margin='0px' custom_margin_sync='true' custom_arrow_bg='' id='garantia' color='main_color' background='bg_color' custom_bg='#ffffff' background_gradient_color1='' background_gradient_color2='' background_gradient_direction='vertical' src='' attachment='' attachment_size='' attach='scroll' position='top left' repeat='no-repeat' video='' video_ratio='16:9' overlay_opacity='0.5' overlay_color='' overlay_pattern='' overlay_custom_pattern='' av_element_hidden_in_editor='0' av_uid='av-jpv4qzwq']\r\n\r\n[av_one_fifth first min_height='av-equal-height-column' vertical_alignment='av-align-middle' space='no_margin' margin='0px' margin_sync='true' link='' linktarget='' link_hover='' padding='0px' padding_sync='true' border='' border_color='' radius='0px' radius_sync='true' background='bg_color' background_color='' background_gradient_color1='' background_gradient_color2='' background_gradient_direction='vertical' src='' attachment='' attachment_size='' background_position='top left' background_repeat='no-repeat' animation='bottom-to-top' mobile_breaking='' mobile_display='' av_uid='av-uet7']\r\n\r\n[av_textblock size='' font_color='' color='' av-medium-font-size='' av-small-font-size='' av-mini-font-size='' av_uid='av-jpv4u5h5' admin_preview_bg='']\r\n<p style=\"text-align: center;\"><img class=\"alignnone wp-image-631 size-full\" src=\"https:\/\/izpioptika.com\/wp-content\/uploads\/2018\/12\/garantia-izpi.png\" alt=\"\" width=\"150\" height=\"150\" \/><\/p>\r\n[\/av_textblock]\r\n\r\n[\/av_one_fifth][av_one_fourth min_height='' vertical_alignment='av-align-top' space='' margin='0px' margin_sync='true' link='' linktarget='' link_hover='' padding='0px' padding_sync='true' border='' border_color='' radius='0px' radius_sync='true' background='bg_color' background_color='' background_gradient_color1='' background_gradient_color2='' background_gradient_direction='vertical' src='' attachment='' attachment_size='' background_position='top left' background_repeat='no-repeat' animation='bottom-to-top' mobile_breaking='' mobile_display='' av_uid='av-uet7']\r\n\r\n[av_textblock size='' font_color='' color='' av-medium-font-size='' av-small-font-size='' av-mini-font-size='' av_uid='av-jpv4u5h5' admin_preview_bg='']\r\n<p style=\"text-align: left;\">Garantizamos la satisfacci\u00f3n y adaptaci\u00f3n total de todos los productos que prescribimos en nuestra \u00f3ptica.<\/p>\r\n[\/av_textblock]\r\n\r\n[\/av_one_fourth][av_one_fifth min_height='' vertical_alignment='av-align-top' space='' margin='0px' margin_sync='true' link='' linktarget='' link_hover='' padding='0px' padding_sync='true' border='' border_color='' radius='0px' radius_sync='true' background='bg_color' background_color='' background_gradient_color1='' background_gradient_color2='' background_gradient_direction='vertical' src='' attachment='' attachment_size='' background_position='top left' background_repeat='no-repeat' animation='bottom-to-top' mobile_breaking='' mobile_display='' av_uid='av-uet7']\r\n\r\n[av_textblock size='' font_color='' color='' av-medium-font-size='' av-small-font-size='' av-mini-font-size='' av_uid='av-jpv4u5h5' admin_preview_bg='']\r\n<p style=\"text-align: center;\"><img class=\"alignnone wp-image-632 size-full\" src=\"https:\/\/izpioptika.com\/wp-content\/uploads\/2018\/12\/financiacion-izpi.png\" alt=\"\" width=\"150\" height=\"150\" \/><\/p>\r\n[\/av_textblock]\r\n\r\n[\/av_one_fifth][av_one_third min_height='' vertical_alignment='av-align-top' space='' margin='0px' margin_sync='true' link='' linktarget='' link_hover='' padding='0px' padding_sync='true' border='' border_color='' radius='0px' radius_sync='true' background='bg_color' background_color='' background_gradient_color1='' background_gradient_color2='' background_gradient_direction='vertical' src='' attachment='' attachment_size='' background_position='top left' background_repeat='no-repeat' animation='bottom-to-top' mobile_breaking='' mobile_display='' av_uid='av-uet7']\r\n\r\n[av_textblock size='' font_color='' color='' av-medium-font-size='' av-small-font-size='' av-mini-font-size='' av_uid='av-jpv4u5h5' admin_preview_bg='']\r\n<p style=\"text-align: left;\">Financiamos la adquisici\u00f3n de tus aud\u00edfonos sin ning\u00fan coste para ti hasta 24 meses sin intereses.<\/p>\r\nPodr\u00e1s pagar tus gafas en c\u00f3modos plazos de 3 meses (sin intereses) y hasta un m\u00e1ximo de 12 meses.\r\n[\/av_textblock]\r\n\r\n[\/av_one_third][\/av_section]\n","protected":false},"excerpt":{"rendered":"","protected":false},"author":1,"featured_media":0,"parent":0,"menu_order":0,"comment_status":"closed","ping_status":"closed","template":"","meta":[],"_links":{"self":[{"href":"https:\/\/izpioptika.com\/es\/wp-json\/wp\/v2\/pages\/737"}],"collection":[{"href":"https:\/\/izpioptika.com\/es\/wp-json\/wp\/v2\/pages"}],"about":[{"href":"https:\/\/izpioptika.com\/es\/wp-json\/wp\/v2\/types\/page"}],"author":[{"embeddable":true,"href":"https:\/\/izpioptika.com\/es\/wp-json\/wp\/v2\/users\/1"}],"replies":[{"embeddable":true,"href":"https:\/\/izpioptika.com\/es\/wp-json\/wp\/v2\/comments?post=737"}],"version-history":[{"count":6,"href":"https:\/\/izpioptika.com\/es\/wp-json\/wp\/v2\/pages\/737\/revisions"}],"predecessor-version":[{"id":797,"href":"https:\/\/izpioptika.com\/es\/wp-json\/wp\/v2\/pages\/737\/revisions\/797"}],"wp:attachment":[{"href":"https:\/\/izpioptika.com\/es\/wp-json\/wp\/v2\/media?parent=737"}],"curies":[{"name":"wp","href":"https:\/\/api.w.org\/{rel}","templated":true}]}}