{"id":732,"date":"2018-11-19T13:56:33","date_gmt":"2018-11-19T13:56:33","guid":{"rendered":"https:\/\/izpioptika.com\/optika-zerbitzuak\/"},"modified":"2018-12-21T13:34:21","modified_gmt":"2018-12-21T13:34:21","slug":"optica","status":"publish","type":"page","link":"https:\/\/izpioptika.com\/es\/optica\/","title":{"rendered":"\u00d3ptica"},"content":{"rendered":"<div id='av_section_1'  class='avia-section main_color avia-section-no-padding avia-no-border-styling avia-bg-style-scroll  avia-builder-el-0  el_before_av_tab_section  avia-builder-el-first   container_wrap fullsize' style='background-repeat: repeat; background-image: url(https:\/\/izpioptika.com\/wp-content\/uploads\/2018\/11\/Izpi-Optika-bg-4.jpg);background-attachment: scroll; background-position: top left;  '  data-section-bg-repeat='repeat'><div class='container' ><main  role=\"main\" itemprop=\"mainContentOfPage\"  class='template-page content  av-content-full alpha units'><div class='post-entry post-entry-type-page post-entry-732'><div class='entry-content-wrapper clearfix'>\n<div class=\"flex_column av_one_full  flex_column_div av-zero-column-padding first  avia-builder-el-1  el_before_av_hr  avia-builder-el-first  \" style='border-radius:0px; '><p><div  style='height:75px' class='hr hr-invisible   avia-builder-el-2  el_before_av_textblock  avia-builder-el-first '><span class='hr-inner ' ><span class='hr-inner-style'><\/span><\/span><\/div><br \/>\n<section class=\"av_textblock_section \"  itemscope=\"itemscope\" itemtype=\"https:\/\/schema.org\/CreativeWork\" ><div class='avia_textblock  '   itemprop=\"text\" ><h1><strong>\u00d3PTIKA<\/strong><\/h1>\n<\/div><\/section><\/p><\/div><div  style='height:50px' class='hr hr-invisible   avia-builder-el-4  el_after_av_one_full  avia-builder-el-last '><span class='hr-inner ' ><span class='hr-inner-style'><\/span><\/span><\/div>\n<\/div><\/div><\/main><!-- close content main element --><\/div><\/div><div id='servicios-tabs'  class='av-tab-section-container entry-content-wrapper main_color av-tab-no-transition   av-small-hide av-mini-hide av-tab-above-content  avia-builder-el-5  el_after_av_section  el_before_av_toggle_container  submenu-not-first container_wrap fullsize' style=' '  ><div class='av-tab-section-outer-container'><div class='av-tab-section-tab-title-container avia-tab-title-padding-default av-custom-tab-color' style='background-color:#ffffff; color:#ffffff; '><a href='#orto-k' data-av-tab-section-title='1' class='av-section-tab-title av-active-tab-title no-scroll av-tab-no-icon av-tab-no-image  '><span class='av-outer-tab-title'><span class='av-inner-tab-title'>ORTO-K<\/span><\/span><span class='av-tab-arrow-container'><span><\/span><\/span><\/a><a href='#retinografia' data-av-tab-section-title='2' class='av-section-tab-title  av-tab-no-icon av-tab-no-image  '><span class='av-outer-tab-title'><span class='av-inner-tab-title'>RETINOGRAFIA<\/span><\/span><span class='av-tab-arrow-container'><span><\/span><\/span><\/a><a href='#topografia' data-av-tab-section-title='3' class='av-section-tab-title  av-tab-no-icon av-tab-no-image  '><span class='av-outer-tab-title'><span class='av-inner-tab-title'>TOPOGRAFIA<\/span><\/span><span class='av-tab-arrow-container'><span><\/span><\/span><\/a><a href='#tonometria' data-av-tab-section-title='4' class='av-section-tab-title  av-tab-no-icon av-tab-no-image  '><span class='av-outer-tab-title'><span class='av-inner-tab-title'>TONOMETRIA<\/span><\/span><span class='av-tab-arrow-container'><span><\/span><\/span><\/a><a href='#optometra' data-av-tab-section-title='5' class='av-section-tab-title  av-tab-no-icon av-tab-no-image  '><span class='av-outer-tab-title'><span class='av-inner-tab-title'>OPTOMETR\u00cdA<\/span><\/span><span class='av-tab-arrow-container'><span><\/span><\/span><\/a><\/div><div class='av-tab-section-inner-container avia-section-no-padding' style='width:500vw; left:0%;'><span class='av_prev_tab_section av_tab_navigation'><\/span><span class='av_next_tab_section av_tab_navigation'><\/span>\n<div data-av-tab-section-content=\"1\" class=\"av-layout-tab av-animation-delay-container av-active-tab-content __av_init_open  avia-builder-el-6  el_before_av_tab_sub_section  avia-builder-el-first   \" style='background-image:url(https:\/\/izpioptika.com\/wp-content\/uploads\/2018\/11\/izpi-optika-zerbitzuak-3.jpg); background-position:top right; background-repeat:no-repeat; background-attachment:scroll; vertical-align:top; background-color:#f4f4f4; ' data-av-tab-bg-color='#f4f4f4'  data-tab-section-id=\"orto-k\"><div class='av-layout-tab-inner'><div class='container'><p><div class=\"flex_column av_one_half  flex_column_div first  avia-builder-el-7  el_before_av_one_half  avia-builder-el-first  \" style='background: rgba(244,244,244,0.8); padding:10% 5% 10% 5% ; background-color:rgba(244,244,244,0.8); border-radius:0px; '><p><section class=\"av_textblock_section \"  itemscope=\"itemscope\" itemtype=\"https:\/\/schema.org\/CreativeWork\" ><div class='avia_textblock  '   itemprop=\"text\" ><p><span class=\"num\">01<\/span><\/p>\n<\/div><\/section><br \/>\n<section class=\"av_textblock_section \"  itemscope=\"itemscope\" itemtype=\"https:\/\/schema.org\/CreativeWork\" ><div class='avia_textblock  '   itemprop=\"text\" ><h2><strong>ORTO-K<\/strong><\/h2>\n<\/div><\/section><br \/>\n<div  style='height:20px' class='hr hr-invisible   avia-builder-el-10  el_after_av_textblock  el_before_av_textblock '><span class='hr-inner ' ><span class='hr-inner-style'><\/span><\/span><\/div><br \/>\n<section class=\"av_textblock_section \"  itemscope=\"itemscope\" itemtype=\"https:\/\/schema.org\/CreativeWork\" ><div class='avia_textblock  '   itemprop=\"text\" ><p><strong>ORTO-K<\/strong> es el m\u00e9todo de correcci\u00f3n de la visi\u00f3n con el que no es necesario utilizar gafas o lentillas o usar cirug\u00eda para tener una visi\u00f3n perfecta. Las lentes especiales Orto K se usan para dormir.<\/p>\n<p>Mientras dormimos, nuestra c\u00f3rnea se adapta a las lentillas hasta corregir totalmente nuestra visi\u00f3n. Al despertar nos quitamos las lentillas y podemos ver bien durante todo el d\u00eda.<\/p>\n<p>Corregimos miop\u00edas entre 0.5-6.00 dioptr\u00edas y astigmatismos hasta -1.50 dioptr\u00edas<\/p>\n<\/div><\/section><br \/>\n<div  style='height:50px' class='hr hr-invisible   avia-builder-el-12  el_after_av_textblock  avia-builder-el-last '><span class='hr-inner ' ><span class='hr-inner-style'><\/span><\/span><\/div><\/p><\/div><div class=\"flex_column av_one_half  flex_column_div av-zero-column-padding   avia-builder-el-13  el_after_av_one_half  avia-builder-el-last  \" style='border-radius:0px; '><\/div><\/p>\n<\/div><\/div><\/div><div data-av-tab-section-content=\"2\" class=\"av-layout-tab av-animation-delay-container   avia-builder-el-14  el_after_av_tab_sub_section  el_before_av_tab_sub_section   \" style='background-image:url(https:\/\/izpioptika.com\/wp-content\/uploads\/2018\/12\/izpi-optika-zerbitzuak-7.jpg); background-position:top right; background-repeat:no-repeat; background-attachment:scroll; vertical-align:top; background-color:#f4f4f4; ' data-av-tab-bg-color='#f4f4f4'  data-tab-section-id=\"retinografia\"><div class='av-layout-tab-inner'><div class='container'><p><div class=\"flex_column av_one_half  flex_column_div first  avia-builder-el-15  el_before_av_one_half  avia-builder-el-first  \" style='background: rgba(244,244,244,0.8); padding:10% 5% 10% 5% ; background-color:rgba(244,244,244,0.8); border-radius:0px; '><p><section class=\"av_textblock_section \"  itemscope=\"itemscope\" itemtype=\"https:\/\/schema.org\/CreativeWork\" ><div class='avia_textblock  '   itemprop=\"text\" ><p><span class=\"num\">02<\/span><\/p>\n<\/div><\/section><br \/>\n<section class=\"av_textblock_section \"  itemscope=\"itemscope\" itemtype=\"https:\/\/schema.org\/CreativeWork\" ><div class='avia_textblock  '   itemprop=\"text\" ><h2><strong>RETINOGRAFIA<\/strong><\/h2>\n<\/div><\/section><br \/>\n<div  style='height:20px' class='hr hr-invisible   avia-builder-el-18  el_after_av_textblock  el_before_av_textblock '><span class='hr-inner ' ><span class='hr-inner-style'><\/span><\/span><\/div><br \/>\n<section class=\"av_textblock_section \"  itemscope=\"itemscope\" itemtype=\"https:\/\/schema.org\/CreativeWork\" ><div class='avia_textblock  '   itemprop=\"text\" ><p>La <strong>RETINOGRAF\u00cdA<\/strong> es una prueba diagn\u00f3stica que nos permite obtener una imagen de la retina o del fondo del ojo. Se trata de una prueba r\u00e1pida, eficaz, segura y sencilla.<\/p>\n<\/div><\/section><br \/>\n<div  style='height:50px' class='hr hr-invisible   avia-builder-el-20  el_after_av_textblock  avia-builder-el-last '><span class='hr-inner ' ><span class='hr-inner-style'><\/span><\/span><\/div><\/p><\/div><div class=\"flex_column av_one_half  flex_column_div av-zero-column-padding   avia-builder-el-21  el_after_av_one_half  avia-builder-el-last  \" style='border-radius:0px; '><\/div><\/p>\n<\/div><\/div><\/div><div data-av-tab-section-content=\"3\" class=\"av-layout-tab av-animation-delay-container   avia-builder-el-22  el_after_av_tab_sub_section  el_before_av_tab_sub_section   \" style='background-image:url(https:\/\/izpioptika.com\/wp-content\/uploads\/2018\/11\/izpi-optika-zerbitzuak-1.jpg); background-position:top right; background-repeat:no-repeat; background-attachment:scroll; vertical-align:top; background-color:#f4f4f4; ' data-av-tab-bg-color='#f4f4f4'  data-tab-section-id=\"topografia\"><div class='av-layout-tab-inner'><div class='container'><p><div class=\"flex_column av_one_half  flex_column_div first  avia-builder-el-23  el_before_av_one_half  avia-builder-el-first  \" style='background: rgba(244,244,244,0.8); padding:10% 5% 10% 5% ; background-color:rgba(244,244,244,0.8); border-radius:0px; '><p><section class=\"av_textblock_section \"  itemscope=\"itemscope\" itemtype=\"https:\/\/schema.org\/CreativeWork\" ><div class='avia_textblock  '   itemprop=\"text\" ><p><span class=\"num\">03<\/span><\/p>\n<\/div><\/section><br \/>\n<section class=\"av_textblock_section \"  itemscope=\"itemscope\" itemtype=\"https:\/\/schema.org\/CreativeWork\" ><div class='avia_textblock  '   itemprop=\"text\" ><h2><strong>TOPOGRAFIA<\/strong><\/h2>\n<\/div><\/section><br \/>\n<div  style='height:20px' class='hr hr-invisible   avia-builder-el-26  el_after_av_textblock  el_before_av_textblock '><span class='hr-inner ' ><span class='hr-inner-style'><\/span><\/span><\/div><br \/>\n<section class=\"av_textblock_section \"  itemscope=\"itemscope\" itemtype=\"https:\/\/schema.org\/CreativeWork\" ><div class='avia_textblock  '   itemprop=\"text\" ><p>La <strong>TOPOGRAF\u00cdA CORNEAL<\/strong> es una prueba \u00a0para realizar un estudio del relieve de la superficie corneal para analizar si existen irregularidades y conocer la \u00a0curvatura de esta membrana que recubre la parte exterior del ojo.<\/p>\n<p>Es esencial para la adaptaci\u00f3n de lentes de contacto personalizadas, as\u00ed como para detectar queratoconos , ectasias y otras irregularidades corneales.<\/p>\n<\/div><\/section><br \/>\n<div  style='height:50px' class='hr hr-invisible   avia-builder-el-28  el_after_av_textblock  avia-builder-el-last '><span class='hr-inner ' ><span class='hr-inner-style'><\/span><\/span><\/div><\/p><\/div><div class=\"flex_column av_one_half  flex_column_div av-zero-column-padding   avia-builder-el-29  el_after_av_one_half  avia-builder-el-last  \" style='border-radius:0px; '><\/div><\/p>\n<\/div><\/div><\/div><div data-av-tab-section-content=\"4\" class=\"av-layout-tab av-animation-delay-container   avia-builder-el-30  el_after_av_tab_sub_section  el_before_av_tab_sub_section   \" style='background-image:url(https:\/\/izpioptika.com\/wp-content\/uploads\/2018\/12\/izpi-optika-zerbitzuak-8.jpg); background-position:top right; background-repeat:no-repeat; background-attachment:scroll; vertical-align:top; background-color:#f4f4f4; ' data-av-tab-bg-color='#f4f4f4'  data-tab-section-id=\"tonometria\"><div class='av-layout-tab-inner'><div class='container'><p><div class=\"flex_column av_one_half  flex_column_div first  avia-builder-el-31  el_before_av_one_half  avia-builder-el-first  \" style='background: rgba(244,244,244,0.8); padding:10% 5% 10% 5% ; background-color:rgba(244,244,244,0.8); border-radius:0px; '><p><section class=\"av_textblock_section \"  itemscope=\"itemscope\" itemtype=\"https:\/\/schema.org\/CreativeWork\" ><div class='avia_textblock  '   itemprop=\"text\" ><p><span class=\"num\">05<\/span><\/p>\n<\/div><\/section><br \/>\n<section class=\"av_textblock_section \"  itemscope=\"itemscope\" itemtype=\"https:\/\/schema.org\/CreativeWork\" ><div class='avia_textblock  '   itemprop=\"text\" ><h2><strong>TONOMETRIA<\/strong><\/h2>\n<\/div><\/section><br \/>\n<div  style='height:20px' class='hr hr-invisible   avia-builder-el-34  el_after_av_textblock  el_before_av_textblock '><span class='hr-inner ' ><span class='hr-inner-style'><\/span><\/span><\/div><br \/>\n<section class=\"av_textblock_section \"  itemscope=\"itemscope\" itemtype=\"https:\/\/schema.org\/CreativeWork\" ><div class='avia_textblock  '   itemprop=\"text\" ><p>La\u00a0<strong>TONOMETRIA OCULAR\u00a0<\/strong>es un examen mediante el cual se mide la presi\u00f3n intraocular y se utiliza para detectar el glaucoma.<\/p>\n<\/div><\/section><br \/>\n<div  style='height:50px' class='hr hr-invisible   avia-builder-el-36  el_after_av_textblock  avia-builder-el-last '><span class='hr-inner ' ><span class='hr-inner-style'><\/span><\/span><\/div><\/p><\/div><div class=\"flex_column av_one_half  flex_column_div av-zero-column-padding   avia-builder-el-37  el_after_av_one_half  avia-builder-el-last  \" style='border-radius:0px; '><\/div><\/p>\n<\/div><\/div><\/div><div data-av-tab-section-content=\"5\" class=\"av-layout-tab av-animation-delay-container   avia-builder-el-38  el_after_av_tab_sub_section  avia-builder-el-last   \" style='background-image:url(https:\/\/izpioptika.com\/wp-content\/uploads\/2018\/11\/izpi-optika-zerbitzuak-5.jpg); background-position:top right; background-repeat:no-repeat; background-attachment:scroll; vertical-align:top; background-color:#f4f4f4; ' data-av-tab-bg-color='#f4f4f4'  data-tab-section-id=\"optometra\"><div class='av-layout-tab-inner'><div class='container'><p><div class=\"flex_column av_one_half  flex_column_div first  avia-builder-el-39  el_before_av_one_half  avia-builder-el-first  \" style='background: rgba(244,244,244,0.8); padding:10% 5% 10% 5% ; background-color:rgba(244,244,244,0.8); border-radius:0px; '><p><section class=\"av_textblock_section \"  itemscope=\"itemscope\" itemtype=\"https:\/\/schema.org\/CreativeWork\" ><div class='avia_textblock  '   itemprop=\"text\" ><p><span class=\"num\">06<\/span><\/p>\n<\/div><\/section><br \/>\n<section class=\"av_textblock_section \"  itemscope=\"itemscope\" itemtype=\"https:\/\/schema.org\/CreativeWork\" ><div class='avia_textblock  '   itemprop=\"text\" ><h2><strong>OPTOMETRIA<\/strong><\/h2>\n<\/div><\/section><br \/>\n<div  style='height:20px' class='hr hr-invisible   avia-builder-el-42  el_after_av_textblock  el_before_av_textblock '><span class='hr-inner ' ><span class='hr-inner-style'><\/span><\/span><\/div><br \/>\n<section class=\"av_textblock_section \"  itemscope=\"itemscope\" itemtype=\"https:\/\/schema.org\/CreativeWork\" ><div class='avia_textblock  '   itemprop=\"text\" ><p>La optometr\u00eda se ocupa de la salud ocular, especialmente de todos aquellos aspectos relacionados con la medici\u00f3n de la visi\u00f3n:<\/p>\n<ul>\n<li>Graduaci\u00f3n de lentes y lentes de contacto<\/li>\n<li>Detecci\u00f3n temprana<\/li>\n<li>Funcionalidad visual<\/li>\n<\/ul>\n<p>Todo lo concerniente a la salud, pero no desde el punto de vista m\u00e9dico, sino desde par\u00e1metros de medici\u00f3n.<\/p>\n<\/div><\/section><br \/>\n<div  style='height:50px' class='hr hr-invisible   avia-builder-el-44  el_after_av_textblock  avia-builder-el-last '><span class='hr-inner ' ><span class='hr-inner-style'><\/span><\/span><\/div><\/p><\/div><div class=\"flex_column av_one_half  flex_column_div av-zero-column-padding   avia-builder-el-45  el_after_av_one_half  avia-builder-el-last  \" style='border-radius:0px; '><\/div><\/p>\n<\/div><\/div><\/div>\n<\/div><\/div><\/div><div id='after_submenu'  class='main_color av_default_container_wrap container_wrap fullsize' style=' '  ><div class='container' ><div class='template-page content  av-content-full alpha units'><div class='post-entry post-entry-type-page post-entry-732'><div class='entry-content-wrapper clearfix'><\/p>\n<div  class=\"togglecontainer  av-desktop-hide av-medium-hide  toggle_close_all  avia-builder-el-46  el_after_av_tab_section  el_before_av_postcontent  avia-builder-el-no-sibling \" >\n<section class=\"av_toggle_section\"  itemscope=\"itemscope\" itemtype=\"https:\/\/schema.org\/CreativeWork\"  >    <div class=\"single_toggle\" data-tags=\"{Todo} \"  >        <p data-fake-id=\"#toggle-id-1\" class=\"toggler \"  itemprop=\"headline\"    role=\"tab\" tabindex=\"0\" aria-controls=\"toggle-id-1\">ORTO-K<span class=\"toggle_icon\" >        <span class=\"vert_icon\"><\/span><span class=\"hor_icon\"><\/span><\/span><\/p>        <div id=\"toggle-id-1-container\" class=\"toggle_wrap \"  >            <div class=\"toggle_content invers-color \"  itemprop=\"text\"   ><p><strong>ORTO-K<\/strong> es el m\u00e9todo de correcci\u00f3n de la visi\u00f3n con el que no es necesario utilizar gafas o lentillas o usar cirug\u00eda para tener una visi\u00f3n perfecta. Las lentes especiales Orto K se usan para dormir.<\/p>\n<p>Mientras dormimos, nuestra c\u00f3rnea se adapta a las lentillas hasta corregir totalmente nuestra visi\u00f3n. Al despertar nos quitamos las lentillas y podemos ver bien durante todo el d\u00eda.<\/p>\n<p>Corregimos miop\u00edas entre 0.5-6.00 dioptr\u00edas y astigmatismos hasta -1.50 dioptr\u00edas<\/p>\n            <\/div>        <\/div>    <\/div><\/section>\n<section class=\"av_toggle_section\"  itemscope=\"itemscope\" itemtype=\"https:\/\/schema.org\/CreativeWork\"  >    <div class=\"single_toggle\" data-tags=\"{Todo} \"  >        <p data-fake-id=\"#toggle-id-2\" class=\"toggler \"  itemprop=\"headline\"    role=\"tab\" tabindex=\"0\" aria-controls=\"toggle-id-2\">RETINOGRAF\u00cdA<span class=\"toggle_icon\" >        <span class=\"vert_icon\"><\/span><span class=\"hor_icon\"><\/span><\/span><\/p>        <div id=\"toggle-id-2-container\" class=\"toggle_wrap \"  >            <div class=\"toggle_content invers-color \"  itemprop=\"text\"   ><p>La <strong>RETINOGRAF\u00cdA<\/strong> es una prueba diagn\u00f3stica que nos permite obtener una imagen de la retina o del fondo del ojo. Se trata de una prueba r\u00e1pida, eficaz, segura y sencilla.<\/p>\n            <\/div>        <\/div>    <\/div><\/section>\n<section class=\"av_toggle_section\"  itemscope=\"itemscope\" itemtype=\"https:\/\/schema.org\/CreativeWork\"  >    <div class=\"single_toggle\" data-tags=\"{Todo} \"  >        <p data-fake-id=\"#toggle-id-3\" class=\"toggler \"  itemprop=\"headline\"    role=\"tab\" tabindex=\"0\" aria-controls=\"toggle-id-3\">TOPOGRAF\u00cdA<span class=\"toggle_icon\" >        <span class=\"vert_icon\"><\/span><span class=\"hor_icon\"><\/span><\/span><\/p>        <div id=\"toggle-id-3-container\" class=\"toggle_wrap \"  >            <div class=\"toggle_content invers-color \"  itemprop=\"text\"   ><p>La <strong>TOPOGRAF\u00cdA CORNEAL<\/strong> es una prueba \u00a0para realizar un estudio del relieve de la superficie corneal para analizar si existen irregularidades y conocer la \u00a0curvatura de esta membrana que recubre la parte exterior del ojo.<\/p>\n<p>Es esencial para la adaptaci\u00f3n de lentes de contacto personalizadas, as\u00ed como para detectar queratoconos , ectasias y otras irregularidades corneales.<\/p>\n            <\/div>        <\/div>    <\/div><\/section>\n<section class=\"av_toggle_section\"  itemscope=\"itemscope\" itemtype=\"https:\/\/schema.org\/CreativeWork\"  >    <div class=\"single_toggle\" data-tags=\"{Todo} \"  >        <p data-fake-id=\"#toggle-id-4\" class=\"toggler \"  itemprop=\"headline\"    role=\"tab\" tabindex=\"0\" aria-controls=\"toggle-id-4\">TONOMETR\u00cdA<span class=\"toggle_icon\" >        <span class=\"vert_icon\"><\/span><span class=\"hor_icon\"><\/span><\/span><\/p>        <div id=\"toggle-id-4-container\" class=\"toggle_wrap \"  >            <div class=\"toggle_content invers-color \"  itemprop=\"text\"   ><p>La\u00a0<strong>TONOMETRIA OCULAR\u00a0<\/strong>es un examen mediante el cual se mide la presi\u00f3n intraocular y se utiliza para detectar el glaucoma.<\/p>\n            <\/div>        <\/div>    <\/div><\/section>\n<section class=\"av_toggle_section\"  itemscope=\"itemscope\" itemtype=\"https:\/\/schema.org\/CreativeWork\"  >    <div class=\"single_toggle\" data-tags=\"{Todo} \"  >        <p data-fake-id=\"#toggle-id-5\" class=\"toggler \"  itemprop=\"headline\"    role=\"tab\" tabindex=\"0\" aria-controls=\"toggle-id-5\">OPTOMETR\u00cdA<span class=\"toggle_icon\" >        <span class=\"vert_icon\"><\/span><span class=\"hor_icon\"><\/span><\/span><\/p>        <div id=\"toggle-id-5-container\" class=\"toggle_wrap \"  >            <div class=\"toggle_content invers-color \"  itemprop=\"text\"   ><p>La optometr\u00eda se ocupa de la salud ocular, especialmente de todos aquellos aspectos relacionados con la medici\u00f3n de la visi\u00f3n:<\/p>\n<ul>\n<li>Graduaci\u00f3n de lentes y lentes de contacto<\/li>\n<li>Detecci\u00f3n temprana<\/li>\n<li>Funcionalidad visual<\/li>\n<\/ul>\n<p>Todo lo concerniente a la salud, pero no desde el punto de vista m\u00e9dico, sino desde par\u00e1metros de medici\u00f3n.<\/p>\n            <\/div>        <\/div>    <\/div><\/section>\n<\/div>\n[av_section min_height='' min_height_px='500px' padding='default' shadow='no-shadow' bottom_border='no-border-styling' bottom_border_diagonal_color='#333333' bottom_border_diagonal_direction='' bottom_border_style='' custom_margin='0px' custom_margin_sync='true' custom_arrow_bg='' id='garantia' color='main_color' background='bg_color' custom_bg='#ffffff' background_gradient_color1='' background_gradient_color2='' background_gradient_direction='vertical' src='' attachment='' attachment_size='' attach='scroll' position='top left' repeat='no-repeat' video='' video_ratio='16:9' overlay_opacity='0.5' overlay_color='' overlay_pattern='' overlay_custom_pattern='' av_element_hidden_in_editor='0' av_uid='av-jpv4qzwq']\r\n\r\n[av_one_fifth first min_height='av-equal-height-column' vertical_alignment='av-align-middle' space='no_margin' margin='0px' margin_sync='true' link='' linktarget='' link_hover='' padding='0px' padding_sync='true' border='' border_color='' radius='0px' radius_sync='true' background='bg_color' background_color='' background_gradient_color1='' background_gradient_color2='' background_gradient_direction='vertical' src='' attachment='' attachment_size='' background_position='top left' background_repeat='no-repeat' animation='bottom-to-top' mobile_breaking='' mobile_display='' av_uid='av-uet7']\r\n\r\n[av_textblock size='' font_color='' color='' av-medium-font-size='' av-small-font-size='' av-mini-font-size='' av_uid='av-jpv4u5h5' admin_preview_bg='']\r\n<p style=\"text-align: center;\"><img class=\"alignnone wp-image-631 size-full\" src=\"https:\/\/izpioptika.com\/wp-content\/uploads\/2018\/12\/garantia-izpi.png\" alt=\"\" width=\"150\" height=\"150\" \/><\/p>\r\n[\/av_textblock]\r\n\r\n[\/av_one_fifth][av_one_fourth min_height='' vertical_alignment='av-align-top' space='' margin='0px' margin_sync='true' link='' linktarget='' link_hover='' padding='0px' padding_sync='true' border='' border_color='' radius='0px' radius_sync='true' background='bg_color' background_color='' background_gradient_color1='' background_gradient_color2='' background_gradient_direction='vertical' src='' attachment='' attachment_size='' background_position='top left' background_repeat='no-repeat' animation='bottom-to-top' mobile_breaking='' mobile_display='' av_uid='av-uet7']\r\n\r\n[av_textblock size='' font_color='' color='' av-medium-font-size='' av-small-font-size='' av-mini-font-size='' av_uid='av-jpv4u5h5' admin_preview_bg='']\r\n<p style=\"text-align: left;\">Garantizamos la satisfacci\u00f3n y adaptaci\u00f3n total de todos los productos que prescribimos en nuestra \u00f3ptica.<\/p>\r\n[\/av_textblock]\r\n\r\n[\/av_one_fourth][av_one_fifth min_height='' vertical_alignment='av-align-top' space='' margin='0px' margin_sync='true' link='' linktarget='' link_hover='' padding='0px' padding_sync='true' border='' border_color='' radius='0px' radius_sync='true' background='bg_color' background_color='' background_gradient_color1='' background_gradient_color2='' background_gradient_direction='vertical' src='' attachment='' attachment_size='' background_position='top left' background_repeat='no-repeat' animation='bottom-to-top' mobile_breaking='' mobile_display='' av_uid='av-uet7']\r\n\r\n[av_textblock size='' font_color='' color='' av-medium-font-size='' av-small-font-size='' av-mini-font-size='' av_uid='av-jpv4u5h5' admin_preview_bg='']\r\n<p style=\"text-align: center;\"><img class=\"alignnone wp-image-632 size-full\" src=\"https:\/\/izpioptika.com\/wp-content\/uploads\/2018\/12\/financiacion-izpi.png\" alt=\"\" width=\"150\" height=\"150\" \/><\/p>\r\n[\/av_textblock]\r\n\r\n[\/av_one_fifth][av_one_third min_height='' vertical_alignment='av-align-top' space='' margin='0px' margin_sync='true' link='' linktarget='' link_hover='' padding='0px' padding_sync='true' border='' border_color='' radius='0px' radius_sync='true' background='bg_color' background_color='' background_gradient_color1='' background_gradient_color2='' background_gradient_direction='vertical' src='' attachment='' attachment_size='' background_position='top left' background_repeat='no-repeat' animation='bottom-to-top' mobile_breaking='' mobile_display='' av_uid='av-uet7']\r\n\r\n[av_textblock size='' font_color='' color='' av-medium-font-size='' av-small-font-size='' av-mini-font-size='' av_uid='av-jpv4u5h5' admin_preview_bg='']\r\n<p style=\"text-align: left;\">Financiamos la adquisici\u00f3n de tus aud\u00edfonos sin ning\u00fan coste para ti hasta 24 meses sin intereses.<\/p>\r\nPodr\u00e1s pagar tus gafas en c\u00f3modos plazos de 3 meses (sin intereses) y hasta un m\u00e1ximo de 12 meses.\r\n[\/av_textblock]\r\n\r\n[\/av_one_third][\/av_section]\n","protected":false},"excerpt":{"rendered":"","protected":false},"author":1,"featured_media":0,"parent":0,"menu_order":0,"comment_status":"closed","ping_status":"closed","template":"","meta":[],"_links":{"self":[{"href":"https:\/\/izpioptika.com\/es\/wp-json\/wp\/v2\/pages\/732"}],"collection":[{"href":"https:\/\/izpioptika.com\/es\/wp-json\/wp\/v2\/pages"}],"about":[{"href":"https:\/\/izpioptika.com\/es\/wp-json\/wp\/v2\/types\/page"}],"author":[{"embeddable":true,"href":"https:\/\/izpioptika.com\/es\/wp-json\/wp\/v2\/users\/1"}],"replies":[{"embeddable":true,"href":"https:\/\/izpioptika.com\/es\/wp-json\/wp\/v2\/comments?post=732"}],"version-history":[{"count":4,"href":"https:\/\/izpioptika.com\/es\/wp-json\/wp\/v2\/pages\/732\/revisions"}],"predecessor-version":[{"id":736,"href":"https:\/\/izpioptika.com\/es\/wp-json\/wp\/v2\/pages\/732\/revisions\/736"}],"wp:attachment":[{"href":"https:\/\/izpioptika.com\/es\/wp-json\/wp\/v2\/media?parent=732"}],"curies":[{"name":"wp","href":"https:\/\/api.w.org\/{rel}","templated":true}]}}