{"id":729,"date":"2018-12-18T12:02:39","date_gmt":"2018-12-18T12:02:39","guid":{"rendered":"https:\/\/izpioptika.com\/terapia-visual-y-reeducacion-auditiva\/"},"modified":"2019-01-16T14:25:46","modified_gmt":"2019-01-16T14:25:46","slug":"terapia-visual-y-reeducacion-auditiva","status":"publish","type":"page","link":"https:\/\/izpioptika.com\/es\/terapia-visual-y-reeducacion-auditiva\/","title":{"rendered":"Terapia Visual y Re-educaci\u00f3n Auditiva"},"content":{"rendered":"<div id='av_section_1'  class='avia-section main_color avia-section-no-padding avia-no-border-styling avia-bg-style-scroll  avia-builder-el-0  el_before_av_tab_section  avia-builder-el-first   container_wrap fullsize' style='background-repeat: repeat; background-image: url(https:\/\/izpioptika.com\/wp-content\/uploads\/2018\/11\/Izpi-Optika-bg-4.jpg);background-attachment: scroll; background-position: top left;  '  data-section-bg-repeat='repeat'><div class='container' ><main  role=\"main\" itemprop=\"mainContentOfPage\"  class='template-page content  av-content-full alpha units'><div class='post-entry post-entry-type-page post-entry-729'><div class='entry-content-wrapper clearfix'>\n<div class=\"flex_column av_one_full  flex_column_div av-zero-column-padding first  avia-builder-el-1  el_before_av_hr  avia-builder-el-first  \" style='border-radius:0px; '><p><div  style='height:75px' class='hr hr-invisible   avia-builder-el-2  el_before_av_textblock  avia-builder-el-first '><span class='hr-inner ' ><span class='hr-inner-style'><\/span><\/span><\/div><br \/>\n<section class=\"av_textblock_section \"  itemscope=\"itemscope\" itemtype=\"https:\/\/schema.org\/CreativeWork\" ><div class='avia_textblock  '   itemprop=\"text\" ><h1><strong>TERAPIA\u00a0<\/strong>VISUAL Y<br \/>\n<strong>RE-EDUCACI\u00d3N<\/strong> AUDITIVA<\/h1>\n<\/div><\/section><\/p><\/div><div  style='height:50px' class='hr hr-invisible   avia-builder-el-4  el_after_av_one_full  avia-builder-el-last '><span class='hr-inner ' ><span class='hr-inner-style'><\/span><\/span><\/div>\n\n<\/div><\/div><\/main><!-- close content main element --><\/div><\/div><div id='servicios-tabs'  class='av-tab-section-container entry-content-wrapper main_color av-tab-no-transition   av-small-hide av-mini-hide av-tab-above-content  avia-builder-el-5  el_after_av_section  el_before_av_toggle_container  submenu-not-first container_wrap fullsize' style=' '  ><div class='av-tab-section-outer-container'><div class='av-tab-section-tab-title-container avia-tab-title-padding-default av-custom-tab-color' style='background-color:#ffffff; color:#ffffff; '><a href='#terapia-visual' data-av-tab-section-title='1' class='av-section-tab-title av-active-tab-title no-scroll av-tab-no-icon av-tab-no-image  '><span class='av-outer-tab-title'><span class='av-inner-tab-title'>TERAPIA VISUAL<\/span><\/span><span class='av-tab-arrow-container'><span><\/span><\/span><\/a><a href='#re-educacin-auditiva' data-av-tab-section-title='2' class='av-section-tab-title  av-tab-no-icon av-tab-no-image  '><span class='av-outer-tab-title'><span class='av-inner-tab-title'>RE-EDUCACI\u00d3N AUDITIVA<\/span><\/span><span class='av-tab-arrow-container'><span><\/span><\/span><\/a><\/div><div class='av-tab-section-inner-container avia-section-no-padding' style='width:200vw; left:0%;'><span class='av_prev_tab_section av_tab_navigation'><\/span><span class='av_next_tab_section av_tab_navigation'><\/span>\n<div data-av-tab-section-content=\"1\" class=\"av-layout-tab av-animation-delay-container av-active-tab-content __av_init_open  avia-builder-el-6  el_before_av_tab_sub_section  avia-builder-el-first   \" style='background-image:url(https:\/\/izpioptika.com\/wp-content\/uploads\/2018\/12\/izpi-terapia-visual-zerbitzuak-6.jpg); background-position:top right; background-repeat:no-repeat; background-attachment:scroll; vertical-align:top; background-color:#f4f4f4; ' data-av-tab-bg-color='#f4f4f4'  data-tab-section-id=\"terapia-visual\"><div class='av-layout-tab-inner'><div class='container'><p><div class=\"flex_column av_one_half  flex_column_div first  avia-builder-el-7  el_before_av_one_half  avia-builder-el-first  \" style='background: rgba(244,244,244,0.8); padding:10% 5% 10% 5% ; background-color:rgba(244,244,244,0.8); border-radius:0px; '><p><section class=\"av_textblock_section \"  itemscope=\"itemscope\" itemtype=\"https:\/\/schema.org\/CreativeWork\" ><div class='avia_textblock  '   itemprop=\"text\" ><p><span class=\"num\">01<\/span><\/p>\n<\/div><\/section><br \/>\n<section class=\"av_textblock_section \"  itemscope=\"itemscope\" itemtype=\"https:\/\/schema.org\/CreativeWork\" ><div class='avia_textblock  '   itemprop=\"text\" ><h2><strong>TERAPIA VISUAL<\/strong><\/h2>\n<\/div><\/section><br \/>\n<div  style='height:20px' class='hr hr-invisible   avia-builder-el-10  el_after_av_textblock  el_before_av_textblock '><span class='hr-inner ' ><span class='hr-inner-style'><\/span><\/span><\/div><br \/>\n<section class=\"av_textblock_section \"  itemscope=\"itemscope\" itemtype=\"https:\/\/schema.org\/CreativeWork\" ><div class='avia_textblock  '   itemprop=\"text\" ><p>La terapia visual, <strong>entrenamiento\u00a0visual<\/strong>\u00a0o rehabilitaci\u00f3n\u00a0visual\u00a0es un tratamiento optom\u00e9trico, totalmente individualizado, que tiene como objetivo potenciar y corregir los problemas del sistema\u00a0visual: enfoque, coordinaci\u00f3n de ejes visuales, ojo vago, estrabismos o problemas de aprendizaje relacionados con la visi\u00f3n.<\/p>\n<p><a href=\"http:\/\/www.centrovisuality.com\/\" target=\"_blank\" rel=\"noopener\"><img loading=\"lazy\" class=\"alignnone wp-image-770 size-medium\" src=\"https:\/\/izpioptika.com\/wp-content\/uploads\/2019\/01\/logo_negro-300x93.png\" alt=\"visuality\" width=\"300\" height=\"93\" srcset=\"https:\/\/izpioptika.com\/wp-content\/uploads\/2019\/01\/logo_negro-300x93.png 300w, https:\/\/izpioptika.com\/wp-content\/uploads\/2019\/01\/logo_negro.png 322w\" sizes=\"(max-width: 300px) 100vw, 300px\" \/><\/a><\/p>\n<\/div><\/section><br \/>\n<div  style='height:50px' class='hr hr-invisible   avia-builder-el-12  el_after_av_textblock  avia-builder-el-last '><span class='hr-inner ' ><span class='hr-inner-style'><\/span><\/span><\/div><\/p><\/div><div class=\"flex_column av_one_half  flex_column_div av-zero-column-padding   avia-builder-el-13  el_after_av_one_half  avia-builder-el-last  \" style='border-radius:0px; '><\/div><\/p>\n<\/div><\/div><\/div><div data-av-tab-section-content=\"2\" class=\"av-layout-tab av-animation-delay-container   avia-builder-el-14  el_after_av_tab_sub_section  avia-builder-el-last   \" style='background-image:url(https:\/\/izpioptika.com\/wp-content\/uploads\/2018\/12\/izpi-audio-terapia.jpg); background-position:top right; background-repeat:no-repeat; background-attachment:scroll; vertical-align:top; background-color:#f4f4f4; ' data-av-tab-bg-color='#f4f4f4'  data-tab-section-id=\"re-educacin-auditiva\"><div class='av-layout-tab-inner'><div class='container'><p><div class=\"flex_column av_one_half  flex_column_div first  avia-builder-el-15  el_before_av_one_half  avia-builder-el-first  \" style='background: rrgba(244,244,244,0.8); padding:10% 5% 10% 5% ; background-color:rrgba(244,244,244,0.8); border-radius:0px; '><p><section class=\"av_textblock_section \"  itemscope=\"itemscope\" itemtype=\"https:\/\/schema.org\/CreativeWork\" ><div class='avia_textblock  '   itemprop=\"text\" ><p><span class=\"num\">02<\/span><\/p>\n<\/div><\/section><br \/>\n<section class=\"av_textblock_section \"  itemscope=\"itemscope\" itemtype=\"https:\/\/schema.org\/CreativeWork\" ><div class='avia_textblock  '   itemprop=\"text\" ><h2><strong>RE-EDUCACI\u00d3N AUDITIVA<\/strong><\/h2>\n<\/div><\/section><br \/>\n<div  style='height:20px' class='hr hr-invisible   avia-builder-el-18  el_after_av_textblock  el_before_av_textblock '><span class='hr-inner ' ><span class='hr-inner-style'><\/span><\/span><\/div><br \/>\n<section class=\"av_textblock_section \"  itemscope=\"itemscope\" itemtype=\"https:\/\/schema.org\/CreativeWork\" ><div class='avia_textblock  '   itemprop=\"text\" ><p>El objetivo de la re-educaci\u00f3n auditiva es\u00a0<strong>bajar los niveles de hipersensibilidad<\/strong> sonora\u00a0del paciente.<\/p>\n<p>El\u00a0Sistema de Estimulaci\u00f3n Neuro Auditivo (SENA)\u00a0eval\u00faa la calidad de audici\u00f3n trabajando a partir de los resultados de\u00a0 pruebas auditivas sobre agudeza, umbral de\u00a0 percepci\u00f3n, distorsi\u00f3n, discriminaci\u00f3n, lateralidad, tiempo de respuesta y grado de\u00a0 seguridad en ella.<\/p>\n<\/div><\/section><br \/>\n<div  style='height:50px' class='hr hr-invisible   avia-builder-el-20  el_after_av_textblock  avia-builder-el-last '><span class='hr-inner ' ><span class='hr-inner-style'><\/span><\/span><\/div><\/p><\/div><div class=\"flex_column av_one_half  flex_column_div av-zero-column-padding   avia-builder-el-21  el_after_av_one_half  avia-builder-el-last  \" style='border-radius:0px; '><\/div><\/p>\n<\/div><\/div><\/div><\/div><\/div><\/div><div id='after_submenu'  class='main_color av_default_container_wrap container_wrap fullsize' style=' '  ><div class='container' ><div class='template-page content  av-content-full alpha units'><div class='post-entry post-entry-type-page post-entry-729'><div class='entry-content-wrapper clearfix'><div  class=\"togglecontainer  av-desktop-hide av-medium-hide  toggle_close_all  avia-builder-el-22  el_after_av_tab_section  el_before_av_postcontent  avia-builder-el-no-sibling \" >\n<section class=\"av_toggle_section\"  itemscope=\"itemscope\" itemtype=\"https:\/\/schema.org\/CreativeWork\"  >    <div class=\"single_toggle\" data-tags=\"{Todo} \"  >        <p data-fake-id=\"#toggle-id-1\" class=\"toggler \"  itemprop=\"headline\"    role=\"tab\" tabindex=\"0\" aria-controls=\"toggle-id-1\">TERAPIA VISUAL<span class=\"toggle_icon\" >        <span class=\"vert_icon\"><\/span><span class=\"hor_icon\"><\/span><\/span><\/p>        <div id=\"toggle-id-1-container\" class=\"toggle_wrap \"  >            <div class=\"toggle_content invers-color \"  itemprop=\"text\"   ><p>La terapia visual, <strong>entrenamiento\u00a0visual<\/strong>\u00a0o rehabilitaci\u00f3n\u00a0visual\u00a0es un tratamiento optom\u00e9trico, totalmente individualizado, que tiene como objetivo potenciar y corregir los problemas del sistema\u00a0visual: enfoque, coordinaci\u00f3n de ejes visuales, ojo vago, estrabismos o problemas de aprendizaje relacionados con la visi\u00f3n.<\/p>\n<p><a href=\"http:\/\/www.centrovisuality.com\/\"><img loading=\"lazy\" class=\"alignnone wp-image-770 size-medium\" src=\"https:\/\/izpioptika.com\/wp-content\/uploads\/2019\/01\/logo_negro-300x93.png\" alt=\"visuality\" width=\"300\" height=\"93\" srcset=\"https:\/\/izpioptika.com\/wp-content\/uploads\/2019\/01\/logo_negro-300x93.png 300w, https:\/\/izpioptika.com\/wp-content\/uploads\/2019\/01\/logo_negro.png 322w\" sizes=\"(max-width: 300px) 100vw, 300px\" \/><\/a><\/p>\n            <\/div>        <\/div>    <\/div><\/section>\n<section class=\"av_toggle_section\"  itemscope=\"itemscope\" itemtype=\"https:\/\/schema.org\/CreativeWork\"  >    <div class=\"single_toggle\" data-tags=\"{Todo} \"  >        <p data-fake-id=\"#toggle-id-2\" class=\"toggler \"  itemprop=\"headline\"    role=\"tab\" tabindex=\"0\" aria-controls=\"toggle-id-2\">RE-EDUCACI\u00d3N AUDITIVA<span class=\"toggle_icon\" >        <span class=\"vert_icon\"><\/span><span class=\"hor_icon\"><\/span><\/span><\/p>        <div id=\"toggle-id-2-container\" class=\"toggle_wrap \"  >            <div class=\"toggle_content invers-color \"  itemprop=\"text\"   ><p>El objetivo de la re-educaci\u00f3n auditiva es\u00a0<strong>bajar los niveles de hipersensibilidad<\/strong> sonora\u00a0del paciente.<\/p>\n<p>El\u00a0Sistema de Estimulaci\u00f3n Neuro Auditivo (SENA)\u00a0eval\u00faa la calidad de audici\u00f3n trabajando a partir de los resultados de\u00a0 pruebas auditivas sobre agudeza, umbral de\u00a0 percepci\u00f3n, distorsi\u00f3n, discriminaci\u00f3n, lateralidad, tiempo de respuesta y grado de\u00a0 seguridad en ella.<\/p>\n            <\/div>        <\/div>    <\/div><\/section>\n<\/div><\/p>\n[av_section min_height='' min_height_px='500px' padding='default' shadow='no-shadow' bottom_border='no-border-styling' bottom_border_diagonal_color='#333333' bottom_border_diagonal_direction='' bottom_border_style='' custom_margin='0px' custom_margin_sync='true' custom_arrow_bg='' id='garantia' color='main_color' background='bg_color' custom_bg='#ffffff' background_gradient_color1='' background_gradient_color2='' background_gradient_direction='vertical' src='' attachment='' attachment_size='' attach='scroll' position='top left' repeat='no-repeat' video='' video_ratio='16:9' overlay_opacity='0.5' overlay_color='' overlay_pattern='' overlay_custom_pattern='' av_element_hidden_in_editor='0' av_uid='av-jpv4qzwq']\r\n\r\n[av_one_fifth first min_height='av-equal-height-column' vertical_alignment='av-align-middle' space='no_margin' margin='0px' margin_sync='true' link='' linktarget='' link_hover='' padding='0px' padding_sync='true' border='' border_color='' radius='0px' radius_sync='true' background='bg_color' background_color='' background_gradient_color1='' background_gradient_color2='' background_gradient_direction='vertical' src='' attachment='' attachment_size='' background_position='top left' background_repeat='no-repeat' animation='bottom-to-top' mobile_breaking='' mobile_display='' av_uid='av-uet7']\r\n\r\n[av_textblock size='' font_color='' color='' av-medium-font-size='' av-small-font-size='' av-mini-font-size='' av_uid='av-jpv4u5h5' admin_preview_bg='']\r\n<p style=\"text-align: center;\"><img class=\"alignnone wp-image-631 size-full\" src=\"https:\/\/izpioptika.com\/wp-content\/uploads\/2018\/12\/garantia-izpi.png\" alt=\"\" width=\"150\" height=\"150\" \/><\/p>\r\n[\/av_textblock]\r\n\r\n[\/av_one_fifth][av_one_fourth min_height='' vertical_alignment='av-align-top' space='' margin='0px' margin_sync='true' link='' linktarget='' link_hover='' padding='0px' padding_sync='true' border='' border_color='' radius='0px' radius_sync='true' background='bg_color' background_color='' background_gradient_color1='' background_gradient_color2='' background_gradient_direction='vertical' src='' attachment='' attachment_size='' background_position='top left' background_repeat='no-repeat' animation='bottom-to-top' mobile_breaking='' mobile_display='' av_uid='av-uet7']\r\n\r\n[av_textblock size='' font_color='' color='' av-medium-font-size='' av-small-font-size='' av-mini-font-size='' av_uid='av-jpv4u5h5' admin_preview_bg='']\r\n<p style=\"text-align: left;\">Garantizamos la satisfacci\u00f3n y adaptaci\u00f3n total de todos los productos que prescribimos en nuestra \u00f3ptica.<\/p>\r\n[\/av_textblock]\r\n\r\n[\/av_one_fourth][av_one_fifth min_height='' vertical_alignment='av-align-top' space='' margin='0px' margin_sync='true' link='' linktarget='' link_hover='' padding='0px' padding_sync='true' border='' border_color='' radius='0px' radius_sync='true' background='bg_color' background_color='' background_gradient_color1='' background_gradient_color2='' background_gradient_direction='vertical' src='' attachment='' attachment_size='' background_position='top left' background_repeat='no-repeat' animation='bottom-to-top' mobile_breaking='' mobile_display='' av_uid='av-uet7']\r\n\r\n[av_textblock size='' font_color='' color='' av-medium-font-size='' av-small-font-size='' av-mini-font-size='' av_uid='av-jpv4u5h5' admin_preview_bg='']\r\n<p style=\"text-align: center;\"><img class=\"alignnone wp-image-632 size-full\" src=\"https:\/\/izpioptika.com\/wp-content\/uploads\/2018\/12\/financiacion-izpi.png\" alt=\"\" width=\"150\" height=\"150\" \/><\/p>\r\n[\/av_textblock]\r\n\r\n[\/av_one_fifth][av_one_third min_height='' vertical_alignment='av-align-top' space='' margin='0px' margin_sync='true' link='' linktarget='' link_hover='' padding='0px' padding_sync='true' border='' border_color='' radius='0px' radius_sync='true' background='bg_color' background_color='' background_gradient_color1='' background_gradient_color2='' background_gradient_direction='vertical' src='' attachment='' attachment_size='' background_position='top left' background_repeat='no-repeat' animation='bottom-to-top' mobile_breaking='' mobile_display='' av_uid='av-uet7']\r\n\r\n[av_textblock size='' font_color='' color='' av-medium-font-size='' av-small-font-size='' av-mini-font-size='' av_uid='av-jpv4u5h5' admin_preview_bg='']\r\n<p style=\"text-align: left;\">Financiamos la adquisici\u00f3n de tus aud\u00edfonos sin ning\u00fan coste para ti hasta 24 meses sin intereses.<\/p>\r\nPodr\u00e1s pagar tus gafas en c\u00f3modos plazos de 3 meses (sin intereses) y hasta un m\u00e1ximo de 12 meses.\r\n[\/av_textblock]\r\n\r\n[\/av_one_third][\/av_section]\n","protected":false},"excerpt":{"rendered":"","protected":false},"author":1,"featured_media":0,"parent":0,"menu_order":0,"comment_status":"closed","ping_status":"closed","template":"","meta":[],"_links":{"self":[{"href":"https:\/\/izpioptika.com\/es\/wp-json\/wp\/v2\/pages\/729"}],"collection":[{"href":"https:\/\/izpioptika.com\/es\/wp-json\/wp\/v2\/pages"}],"about":[{"href":"https:\/\/izpioptika.com\/es\/wp-json\/wp\/v2\/types\/page"}],"author":[{"embeddable":true,"href":"https:\/\/izpioptika.com\/es\/wp-json\/wp\/v2\/users\/1"}],"replies":[{"embeddable":true,"href":"https:\/\/izpioptika.com\/es\/wp-json\/wp\/v2\/comments?post=729"}],"version-history":[{"count":5,"href":"https:\/\/izpioptika.com\/es\/wp-json\/wp\/v2\/pages\/729\/revisions"}],"predecessor-version":[{"id":775,"href":"https:\/\/izpioptika.com\/es\/wp-json\/wp\/v2\/pages\/729\/revisions\/775"}],"wp:attachment":[{"href":"https:\/\/izpioptika.com\/es\/wp-json\/wp\/v2\/media?parent=729"}],"curies":[{"name":"wp","href":"https:\/\/api.w.org\/{rel}","templated":true}]}}