{"id":724,"date":"2018-11-20T14:20:59","date_gmt":"2018-11-20T14:20:59","guid":{"rendered":"https:\/\/izpioptika.com\/audio-zentroa\/"},"modified":"2018-12-21T13:26:53","modified_gmt":"2018-12-21T13:26:53","slug":"centro-auditivo","status":"publish","type":"page","link":"https:\/\/izpioptika.com\/es\/centro-auditivo\/","title":{"rendered":"Centro auditivo"},"content":{"rendered":"<div id='av_section_1'  class='avia-section main_color avia-section-no-padding avia-no-border-styling avia-bg-style-scroll  avia-builder-el-0  el_before_av_tab_section  avia-builder-el-first   container_wrap fullsize' style='background-repeat: repeat; background-image: url(https:\/\/izpioptika.com\/wp-content\/uploads\/2018\/11\/Izpi-Optika-bg-4.jpg);background-attachment: scroll; background-position: top left;  '  data-section-bg-repeat='repeat'><div class='container' ><main  role=\"main\" itemprop=\"mainContentOfPage\"  class='template-page content  av-content-full alpha units'><div class='post-entry post-entry-type-page post-entry-724'><div class='entry-content-wrapper clearfix'>\n<div class=\"flex_column av_one_full  flex_column_div av-zero-column-padding first  avia-builder-el-1  el_before_av_hr  avia-builder-el-first  \" style='border-radius:0px; '><p><div  style='height:75px' class='hr hr-invisible   avia-builder-el-2  el_before_av_textblock  avia-builder-el-first '><span class='hr-inner ' ><span class='hr-inner-style'><\/span><\/span><\/div><br \/>\n<section class=\"av_textblock_section \"  itemscope=\"itemscope\" itemtype=\"https:\/\/schema.org\/CreativeWork\" ><div class='avia_textblock  '   itemprop=\"text\" ><h1>CENTRO<br \/>\n<strong>AUDITIVO<\/strong><\/h1>\n<\/div><\/section><\/p><\/div><div  style='height:50px' class='hr hr-invisible   avia-builder-el-4  el_after_av_one_full  avia-builder-el-last '><span class='hr-inner ' ><span class='hr-inner-style'><\/span><\/span><\/div>\n\n<\/div><\/div><\/main><!-- close content main element --><\/div><\/div><div id='servicios-tabs'  class='av-tab-section-container entry-content-wrapper main_color av-tab-no-transition   av-small-hide av-mini-hide av-tab-above-content  avia-builder-el-5  el_after_av_section  el_before_av_toggle_container  submenu-not-first container_wrap fullsize' style=' '  ><div class='av-tab-section-outer-container'><div class='av-tab-section-tab-title-container avia-tab-title-padding-default av-custom-tab-color' style='background-color:#ffffff; color:#ffffff; '><a href='#audiometra' data-av-tab-section-title='1' class='av-section-tab-title av-active-tab-title no-scroll av-tab-no-icon av-tab-no-image  '><span class='av-outer-tab-title'><span class='av-inner-tab-title'>AUDIOMETR\u00cdA<\/span><\/span><span class='av-tab-arrow-container'><span><\/span><\/span><\/a><a href='#audfonos' data-av-tab-section-title='2' class='av-section-tab-title  av-tab-no-icon av-tab-no-image  '><span class='av-outer-tab-title'><span class='av-inner-tab-title'>AUD\u00cdFONOS<\/span><\/span><span class='av-tab-arrow-container'><span><\/span><\/span><\/a><a href='#tapones-de-agua' data-av-tab-section-title='3' class='av-section-tab-title  av-tab-no-icon av-tab-no-image  '><span class='av-outer-tab-title'><span class='av-inner-tab-title'>TAPONES DE AGUA<\/span><\/span><span class='av-tab-arrow-container'><span><\/span><\/span><\/a><a href='#tapones-para-ruido' data-av-tab-section-title='4' class='av-section-tab-title  av-tab-no-icon av-tab-no-image  '><span class='av-outer-tab-title'><span class='av-inner-tab-title'>TAPONES PARA RUIDO<\/span><\/span><span class='av-tab-arrow-container'><span><\/span><\/span><\/a><\/div><div class='av-tab-section-inner-container avia-section-no-padding' style='width:400vw; left:0%;'><span class='av_prev_tab_section av_tab_navigation'><\/span><span class='av_next_tab_section av_tab_navigation'><\/span>\n<div data-av-tab-section-content=\"1\" class=\"av-layout-tab av-animation-delay-container av-active-tab-content __av_init_open  avia-builder-el-6  el_before_av_tab_sub_section  avia-builder-el-first   \" style='background-image:url(https:\/\/izpioptika.com\/wp-content\/uploads\/2018\/12\/izpi-audio-zerbitzua-4.jpg); background-position:top right; background-repeat:no-repeat; background-attachment:scroll; vertical-align:top; background-color:#f4f4f4; ' data-av-tab-bg-color='#f4f4f4'  data-tab-section-id=\"audiometra\"><div class='av-layout-tab-inner'><div class='container'><p><div class=\"flex_column av_one_half  flex_column_div first  avia-builder-el-7  el_before_av_one_half  avia-builder-el-first  \" style='background: rgba(244,244,244,0.8); padding:10% 5% 10% 5% ; background-color:rgba(244,244,244,0.8); border-radius:0px; '><p><section class=\"av_textblock_section \"  itemscope=\"itemscope\" itemtype=\"https:\/\/schema.org\/CreativeWork\" ><div class='avia_textblock  '   itemprop=\"text\" ><p><span class=\"num\">01<\/span><\/p>\n<\/div><\/section><br \/>\n<section class=\"av_textblock_section \"  itemscope=\"itemscope\" itemtype=\"https:\/\/schema.org\/CreativeWork\" ><div class='avia_textblock  '   itemprop=\"text\" ><h2><strong>AUDIOMETRIA<\/strong><\/h2>\n<\/div><\/section><br \/>\n<div  style='height:20px' class='hr hr-invisible   avia-builder-el-10  el_after_av_textblock  el_before_av_textblock '><span class='hr-inner ' ><span class='hr-inner-style'><\/span><\/span><\/div><br \/>\n<section class=\"av_textblock_section \"  itemscope=\"itemscope\" itemtype=\"https:\/\/schema.org\/CreativeWork\" ><div class='avia_textblock  '   itemprop=\"text\" ><p>Mediante este ex\u00e1men evaluamos la capacidad para escuchar diferentes sonidos; estos var\u00edan en volumen, intensidad y tono.<br \/>\nCuando las ondas sonoras llegan al o\u00eddo interno es cuando \u00abo\u00edmos\u00bb. Esta prueba nos permite saber, cuanto y c\u00f3mo.<\/p>\n<\/div><\/section><br \/>\n<div  style='height:50px' class='hr hr-invisible   avia-builder-el-12  el_after_av_textblock  avia-builder-el-last '><span class='hr-inner ' ><span class='hr-inner-style'><\/span><\/span><\/div><\/p><\/div><div class=\"flex_column av_one_half  flex_column_div av-zero-column-padding   avia-builder-el-13  el_after_av_one_half  avia-builder-el-last  \" style='border-radius:0px; '><\/div><\/p>\n<\/div><\/div><\/div><div data-av-tab-section-content=\"2\" class=\"av-layout-tab av-animation-delay-container   avia-builder-el-14  el_after_av_tab_sub_section  el_before_av_tab_sub_section   \" style='background-image:url(https:\/\/izpioptika.com\/wp-content\/uploads\/2018\/12\/izpi-audio-zerbitzua-3-1.jpg); background-position:top right; background-repeat:no-repeat; background-attachment:scroll; vertical-align:top; background-color:#f4f4f4; ' data-av-tab-bg-color='#f4f4f4'  data-tab-section-id=\"audfonos\"><div class='av-layout-tab-inner'><div class='container'><p><div class=\"flex_column av_one_half  flex_column_div first  avia-builder-el-15  el_before_av_one_half  avia-builder-el-first  \" style='background: rrgba(244,244,244,0.8); padding:10% 5% 10% 5% ; background-color:rrgba(244,244,244,0.8); border-radius:0px; '><p><section class=\"av_textblock_section \"  itemscope=\"itemscope\" itemtype=\"https:\/\/schema.org\/CreativeWork\" ><div class='avia_textblock  '   itemprop=\"text\" ><p><span class=\"num\">02<\/span><\/p>\n<\/div><\/section><br \/>\n<section class=\"av_textblock_section \"  itemscope=\"itemscope\" itemtype=\"https:\/\/schema.org\/CreativeWork\" ><div class='avia_textblock  '   itemprop=\"text\" ><h2><strong>AUD\u00cdFONOS<\/strong><\/h2>\n<\/div><\/section><br \/>\n<div  style='height:20px' class='hr hr-invisible   avia-builder-el-18  el_after_av_textblock  el_before_av_textblock '><span class='hr-inner ' ><span class='hr-inner-style'><\/span><\/span><\/div><br \/>\n<section class=\"av_textblock_section \"  itemscope=\"itemscope\" itemtype=\"https:\/\/schema.org\/CreativeWork\" ><div class='avia_textblock  '   itemprop=\"text\" ><p>Los aud\u00edfonos posibilitan mejorar la calidad de audici\u00f3n a personas con dificultades. Adem\u00e1s, mantienen activos los est\u00edmulos necesarios para evitar el deterioro del o\u00eddo. La variedad de modelos es muy amplia y podemos asesorarte y escoger el aparato que mejor se adapte a las necesidades de cada persona.<\/p>\n<\/div><\/section><br \/>\n<div  style='height:50px' class='hr hr-invisible   avia-builder-el-20  el_after_av_textblock  avia-builder-el-last '><span class='hr-inner ' ><span class='hr-inner-style'><\/span><\/span><\/div><\/p><\/div><div class=\"flex_column av_one_half  flex_column_div av-zero-column-padding   avia-builder-el-21  el_after_av_one_half  avia-builder-el-last  \" style='border-radius:0px; '><\/div><\/p>\n<\/div><\/div><\/div><div data-av-tab-section-content=\"3\" class=\"av-layout-tab av-animation-delay-container   avia-builder-el-22  el_after_av_tab_sub_section  el_before_av_tab_sub_section   \" style='background-image:url(https:\/\/izpioptika.com\/wp-content\/uploads\/2018\/12\/izpi-audio-zerbitzua-1.jpg); background-position:top right; background-repeat:no-repeat; background-attachment:scroll; vertical-align:top; background-color:#f4f4f4; ' data-av-tab-bg-color='#f4f4f4'  data-tab-section-id=\"tapones-de-agua\"><div class='av-layout-tab-inner'><div class='container'><p><div class=\"flex_column av_one_half  flex_column_div first  avia-builder-el-23  el_before_av_one_half  avia-builder-el-first  \" style='background: rgba(244,244,244,0.8); padding:10% 5% 10% 5% ; background-color:rgba(244,244,244,0.8); border-radius:0px; '><p><section class=\"av_textblock_section \"  itemscope=\"itemscope\" itemtype=\"https:\/\/schema.org\/CreativeWork\" ><div class='avia_textblock  '   itemprop=\"text\" ><p><span class=\"num\">03<\/span><\/p>\n<\/div><\/section><br \/>\n<section class=\"av_textblock_section \"  itemscope=\"itemscope\" itemtype=\"https:\/\/schema.org\/CreativeWork\" ><div class='avia_textblock  '   itemprop=\"text\" ><h2><strong>TAPONES DE AGUA<\/strong><\/h2>\n<\/div><\/section><br \/>\n<div  style='height:20px' class='hr hr-invisible   avia-builder-el-26  el_after_av_textblock  el_before_av_textblock '><span class='hr-inner ' ><span class='hr-inner-style'><\/span><\/span><\/div><br \/>\n<section class=\"av_textblock_section \"  itemscope=\"itemscope\" itemtype=\"https:\/\/schema.org\/CreativeWork\" ><div class='avia_textblock  '   itemprop=\"text\" ><p>El agua puede ocasionar molestias en los o\u00eddos. Disponemos de tapones a medida que bloquean la entrada de agua al canal auditivo para que puedas realizar actividades como nadar sin temor a una posterior otitis.<\/p>\n<\/div><\/section><br \/>\n<div  style='height:50px' class='hr hr-invisible   avia-builder-el-28  el_after_av_textblock  avia-builder-el-last '><span class='hr-inner ' ><span class='hr-inner-style'><\/span><\/span><\/div><\/p><\/div><div class=\"flex_column av_one_half  flex_column_div av-zero-column-padding   avia-builder-el-29  el_after_av_one_half  avia-builder-el-last  \" style='border-radius:0px; '><\/div><\/p>\n<\/div><\/div><\/div><div data-av-tab-section-content=\"4\" class=\"av-layout-tab av-animation-delay-container   avia-builder-el-30  el_after_av_tab_sub_section  avia-builder-el-last   \" style='background-image:url(https:\/\/izpioptika.com\/wp-content\/uploads\/2018\/12\/izpi-audio-zerbitzua-5.jpg); background-position:top right; background-repeat:no-repeat; background-attachment:scroll; vertical-align:top; background-color:#f4f4f4; ' data-av-tab-bg-color='#f4f4f4'  data-tab-section-id=\"tapones-para-ruido\"><div class='av-layout-tab-inner'><div class='container'><p><div class=\"flex_column av_one_half  flex_column_div first  avia-builder-el-31  el_before_av_one_half  avia-builder-el-first  \" style='background: rgba(244,244,244,0.8); padding:10% 5% 10% 5% ; background-color:rgba(244,244,244,0.8); border-radius:0px; '><p><section class=\"av_textblock_section \"  itemscope=\"itemscope\" itemtype=\"https:\/\/schema.org\/CreativeWork\" ><div class='avia_textblock  '   itemprop=\"text\" ><p><span class=\"num\">04<\/span><\/p>\n<\/div><\/section><br \/>\n<section class=\"av_textblock_section \"  itemscope=\"itemscope\" itemtype=\"https:\/\/schema.org\/CreativeWork\" ><div class='avia_textblock  '   itemprop=\"text\" ><h2><strong>TAPONES PARA EL RUIDO<\/strong><\/h2>\n<\/div><\/section><br \/>\n<div  style='height:20px' class='hr hr-invisible   avia-builder-el-34  el_after_av_textblock  el_before_av_textblock '><span class='hr-inner ' ><span class='hr-inner-style'><\/span><\/span><\/div><br \/>\n<section class=\"av_textblock_section \"  itemscope=\"itemscope\" itemtype=\"https:\/\/schema.org\/CreativeWork\" ><div class='avia_textblock  '   itemprop=\"text\" ><p>Tapones especialmente dise\u00f1ados para bloquear el ruido. Para dormir, trabajar o estudiar tranquilamente; hechos de materiales como la silicona y muy ligeros.<\/p>\n<\/div><\/section><br \/>\n<div  style='height:50px' class='hr hr-invisible   avia-builder-el-36  el_after_av_textblock  avia-builder-el-last '><span class='hr-inner ' ><span class='hr-inner-style'><\/span><\/span><\/div><\/p><\/div><div class=\"flex_column av_one_half  flex_column_div av-zero-column-padding   avia-builder-el-37  el_after_av_one_half  avia-builder-el-last  \" style='border-radius:0px; '><\/div><\/p>\n<\/div><\/div><\/div>\n<\/div><\/div><\/div><div id='after_submenu'  class='main_color av_default_container_wrap container_wrap fullsize' style=' '  ><div class='container' ><div class='template-page content  av-content-full alpha units'><div class='post-entry post-entry-type-page post-entry-724'><div class='entry-content-wrapper clearfix'>\n<div  class=\"togglecontainer  av-desktop-hide av-medium-hide  toggle_close_all  avia-builder-el-38  el_after_av_tab_section  el_before_av_postcontent  avia-builder-el-no-sibling \" >\n<section class=\"av_toggle_section\"  itemscope=\"itemscope\" itemtype=\"https:\/\/schema.org\/CreativeWork\"  >    <div class=\"single_toggle\" data-tags=\"{Todo} \"  >        <p data-fake-id=\"#toggle-id-1\" class=\"toggler \"  itemprop=\"headline\"    role=\"tab\" tabindex=\"0\" aria-controls=\"toggle-id-1\">AUDIOMETR\u00cdA<span class=\"toggle_icon\" >        <span class=\"vert_icon\"><\/span><span class=\"hor_icon\"><\/span><\/span><\/p>        <div id=\"toggle-id-1-container\" class=\"toggle_wrap \"  >            <div class=\"toggle_content invers-color \"  itemprop=\"text\"   ><p>Mediante este ex\u00e1men evaluamos la capacidad para escuchar diferentes sonidos; estos var\u00edan en volumen, intensidad y tono.<br \/>\nCuando las ondas sonoras llegan al o\u00eddo interno es cuando \u00abo\u00edmos\u00bb. Esta prueba nos permite saber, cuanto y c\u00f3mo.<\/p>\n            <\/div>        <\/div>    <\/div><\/section>\n<section class=\"av_toggle_section\"  itemscope=\"itemscope\" itemtype=\"https:\/\/schema.org\/CreativeWork\"  >    <div class=\"single_toggle\" data-tags=\"{Todo} \"  >        <p data-fake-id=\"#toggle-id-2\" class=\"toggler \"  itemprop=\"headline\"    role=\"tab\" tabindex=\"0\" aria-controls=\"toggle-id-2\">AUD\u00cdFONOS<span class=\"toggle_icon\" >        <span class=\"vert_icon\"><\/span><span class=\"hor_icon\"><\/span><\/span><\/p>        <div id=\"toggle-id-2-container\" class=\"toggle_wrap \"  >            <div class=\"toggle_content invers-color \"  itemprop=\"text\"   ><p>Los aud\u00edfonos posibilitan mejorar la calidad de audici\u00f3n a personas con dificultades. Adem\u00e1s, mantienen activos los est\u00edmulos necesarios para evitar el deterioro del o\u00eddo. La variedad de modelos es muy amplia y podemos asesorarte y escoger el aparato que mejor se adapte a las necesidades de cada persona.<\/p>\n            <\/div>        <\/div>    <\/div><\/section>\n<section class=\"av_toggle_section\"  itemscope=\"itemscope\" itemtype=\"https:\/\/schema.org\/CreativeWork\"  >    <div class=\"single_toggle\" data-tags=\"{Todo} \"  >        <p data-fake-id=\"#toggle-id-3\" class=\"toggler \"  itemprop=\"headline\"    role=\"tab\" tabindex=\"0\" aria-controls=\"toggle-id-3\">TAPONES DE AGUA<span class=\"toggle_icon\" >        <span class=\"vert_icon\"><\/span><span class=\"hor_icon\"><\/span><\/span><\/p>        <div id=\"toggle-id-3-container\" class=\"toggle_wrap \"  >            <div class=\"toggle_content invers-color \"  itemprop=\"text\"   ><p>El agua puede ocasionar molestias en los o\u00eddos. Disponemos de tapones a medida que bloquean la entrada de agua al canal auditivo para que puedas realizar actividades como nadar sin temor a una posterior otitis.<\/p>\n            <\/div>        <\/div>    <\/div><\/section>\n<section class=\"av_toggle_section\"  itemscope=\"itemscope\" itemtype=\"https:\/\/schema.org\/CreativeWork\"  >    <div class=\"single_toggle\" data-tags=\"{Todo} \"  >        <p data-fake-id=\"#toggle-id-4\" class=\"toggler \"  itemprop=\"headline\"    role=\"tab\" tabindex=\"0\" aria-controls=\"toggle-id-4\">TAPONES PARA RUIDO<span class=\"toggle_icon\" >        <span class=\"vert_icon\"><\/span><span class=\"hor_icon\"><\/span><\/span><\/p>        <div id=\"toggle-id-4-container\" class=\"toggle_wrap \"  >            <div class=\"toggle_content invers-color \"  itemprop=\"text\"   ><p>Tapones especialmente dise\u00f1ados para bloquear el ruido. Para dormir, trabajar o estudiar tranquilamente; hechos de materiales como la silicona y muy ligeros.<\/p>\n            <\/div>        <\/div>    <\/div><\/section>\n<\/div>\n[av_section min_height='' min_height_px='500px' padding='default' shadow='no-shadow' bottom_border='no-border-styling' bottom_border_diagonal_color='#333333' bottom_border_diagonal_direction='' bottom_border_style='' custom_margin='0px' custom_margin_sync='true' custom_arrow_bg='' id='garantia' color='main_color' background='bg_color' custom_bg='#ffffff' background_gradient_color1='' background_gradient_color2='' background_gradient_direction='vertical' src='' attachment='' attachment_size='' attach='scroll' position='top left' repeat='no-repeat' video='' video_ratio='16:9' overlay_opacity='0.5' overlay_color='' overlay_pattern='' overlay_custom_pattern='' av_element_hidden_in_editor='0' av_uid='av-jpv4qzwq']\r\n\r\n[av_one_fifth first min_height='av-equal-height-column' vertical_alignment='av-align-middle' space='no_margin' margin='0px' margin_sync='true' link='' linktarget='' link_hover='' padding='0px' padding_sync='true' border='' border_color='' radius='0px' radius_sync='true' background='bg_color' background_color='' background_gradient_color1='' background_gradient_color2='' background_gradient_direction='vertical' src='' attachment='' attachment_size='' background_position='top left' background_repeat='no-repeat' animation='bottom-to-top' mobile_breaking='' mobile_display='' av_uid='av-uet7']\r\n\r\n[av_textblock size='' font_color='' color='' av-medium-font-size='' av-small-font-size='' av-mini-font-size='' av_uid='av-jpv4u5h5' admin_preview_bg='']\r\n<p style=\"text-align: center;\"><img class=\"alignnone wp-image-631 size-full\" src=\"https:\/\/izpioptika.com\/wp-content\/uploads\/2018\/12\/garantia-izpi.png\" alt=\"\" width=\"150\" height=\"150\" \/><\/p>\r\n[\/av_textblock]\r\n\r\n[\/av_one_fifth][av_one_fourth min_height='' vertical_alignment='av-align-top' space='' margin='0px' margin_sync='true' link='' linktarget='' link_hover='' padding='0px' padding_sync='true' border='' border_color='' radius='0px' radius_sync='true' background='bg_color' background_color='' background_gradient_color1='' background_gradient_color2='' background_gradient_direction='vertical' src='' attachment='' attachment_size='' background_position='top left' background_repeat='no-repeat' animation='bottom-to-top' mobile_breaking='' mobile_display='' av_uid='av-uet7']\r\n\r\n[av_textblock size='' font_color='' color='' av-medium-font-size='' av-small-font-size='' av-mini-font-size='' av_uid='av-jpv4u5h5' admin_preview_bg='']\r\n<p style=\"text-align: left;\">Garantizamos la satisfacci\u00f3n y adaptaci\u00f3n total de todos los productos que prescribimos en nuestra \u00f3ptica.<\/p>\r\n[\/av_textblock]\r\n\r\n[\/av_one_fourth][av_one_fifth min_height='' vertical_alignment='av-align-top' space='' margin='0px' margin_sync='true' link='' linktarget='' link_hover='' padding='0px' padding_sync='true' border='' border_color='' radius='0px' radius_sync='true' background='bg_color' background_color='' background_gradient_color1='' background_gradient_color2='' background_gradient_direction='vertical' src='' attachment='' attachment_size='' background_position='top left' background_repeat='no-repeat' animation='bottom-to-top' mobile_breaking='' mobile_display='' av_uid='av-uet7']\r\n\r\n[av_textblock size='' font_color='' color='' av-medium-font-size='' av-small-font-size='' av-mini-font-size='' av_uid='av-jpv4u5h5' admin_preview_bg='']\r\n<p style=\"text-align: center;\"><img class=\"alignnone wp-image-632 size-full\" src=\"https:\/\/izpioptika.com\/wp-content\/uploads\/2018\/12\/financiacion-izpi.png\" alt=\"\" width=\"150\" height=\"150\" \/><\/p>\r\n[\/av_textblock]\r\n\r\n[\/av_one_fifth][av_one_third min_height='' vertical_alignment='av-align-top' space='' margin='0px' margin_sync='true' link='' linktarget='' link_hover='' padding='0px' padding_sync='true' border='' border_color='' radius='0px' radius_sync='true' background='bg_color' background_color='' background_gradient_color1='' background_gradient_color2='' background_gradient_direction='vertical' src='' attachment='' attachment_size='' background_position='top left' background_repeat='no-repeat' animation='bottom-to-top' mobile_breaking='' mobile_display='' av_uid='av-uet7']\r\n\r\n[av_textblock size='' font_color='' color='' av-medium-font-size='' av-small-font-size='' av-mini-font-size='' av_uid='av-jpv4u5h5' admin_preview_bg='']\r\n<p style=\"text-align: left;\">Financiamos la adquisici\u00f3n de tus aud\u00edfonos sin ning\u00fan coste para ti hasta 24 meses sin intereses.<\/p>\r\nPodr\u00e1s pagar tus gafas en c\u00f3modos plazos de 3 meses (sin intereses) y hasta un m\u00e1ximo de 12 meses.\r\n[\/av_textblock]\r\n\r\n[\/av_one_third][\/av_section]\n","protected":false},"excerpt":{"rendered":"","protected":false},"author":1,"featured_media":0,"parent":0,"menu_order":0,"comment_status":"closed","ping_status":"closed","template":"","meta":[],"_links":{"self":[{"href":"https:\/\/izpioptika.com\/es\/wp-json\/wp\/v2\/pages\/724"}],"collection":[{"href":"https:\/\/izpioptika.com\/es\/wp-json\/wp\/v2\/pages"}],"about":[{"href":"https:\/\/izpioptika.com\/es\/wp-json\/wp\/v2\/types\/page"}],"author":[{"embeddable":true,"href":"https:\/\/izpioptika.com\/es\/wp-json\/wp\/v2\/users\/1"}],"replies":[{"embeddable":true,"href":"https:\/\/izpioptika.com\/es\/wp-json\/wp\/v2\/comments?post=724"}],"version-history":[{"count":4,"href":"https:\/\/izpioptika.com\/es\/wp-json\/wp\/v2\/pages\/724\/revisions"}],"predecessor-version":[{"id":728,"href":"https:\/\/izpioptika.com\/es\/wp-json\/wp\/v2\/pages\/724\/revisions\/728"}],"wp:attachment":[{"href":"https:\/\/izpioptika.com\/es\/wp-json\/wp\/v2\/media?parent=724"}],"curies":[{"name":"wp","href":"https:\/\/api.w.org\/{rel}","templated":true}]}}