{"id":709,"date":"2018-11-20T14:16:42","date_gmt":"2018-11-20T14:16:42","guid":{"rendered":"https:\/\/izpioptika.com\/harremanetarako\/"},"modified":"2018-12-21T14:34:56","modified_gmt":"2018-12-21T14:34:56","slug":"contacto","status":"publish","type":"page","link":"https:\/\/izpioptika.com\/es\/contacto\/","title":{"rendered":"Contacto"},"content":{"rendered":"<div id='av_section_1'  class='avia-section main_color avia-section-default avia-no-border-styling avia-bg-style-scroll  avia-builder-el-0  el_before_av_google_map  avia-builder-el-first   container_wrap fullsize' style=' '  ><div class='container' ><main  role=\"main\" itemprop=\"mainContentOfPage\"  class='template-page content  av-content-full alpha units'><div class='post-entry post-entry-type-page post-entry-709'><div class='entry-content-wrapper clearfix'>\n<section class=\"av_textblock_section \"  itemscope=\"itemscope\" itemtype=\"https:\/\/schema.org\/CreativeWork\" ><div class='avia_textblock  '  style='font-size:36px; '  itemprop=\"text\" ><h2 style=\"text-align: left;\"><strong>CONTACTO<\/strong><\/h2>\n<\/div><\/section>\n<div class=\"flex_column av_one_third  av-animated-generic bottom-to-top  flex_column_div av-zero-column-padding first  avia-builder-el-2  el_after_av_textblock  el_before_av_one_third  column-top-margin\" style='border-radius:0px; '><p><div  style=' margin-top:0; margin-bottom:0;'  class='hr hr-custom hr-center hr-icon-no   avia-builder-el-3  el_before_av_textblock  avia-builder-el-first '><span class='hr-inner   inner-border-av-border-thin' style=' width:100%; border-color:#000000;' ><span class='hr-inner-style'><\/span><\/span><\/div><br \/>\n<section class=\"av_textblock_section \"  itemscope=\"itemscope\" itemtype=\"https:\/\/schema.org\/CreativeWork\" ><div class='avia_textblock  '   itemprop=\"text\" ><p>Julio Urkijo Hiribidea, 8<br \/>\n20720 Azkoitia, Gipuzkoa<\/p>\n<\/div><\/section><\/p><\/div><div class=\"flex_column av_one_third  av-animated-generic bottom-to-top  flex_column_div av-zero-column-padding   avia-builder-el-5  el_after_av_one_third  el_before_av_one_third  column-top-margin\" style='border-radius:0px; '><p><div  style=' margin-top:0; margin-bottom:0;'  class='hr hr-custom hr-center hr-icon-no   avia-builder-el-6  el_before_av_textblock  avia-builder-el-first '><span class='hr-inner   inner-border-av-border-thin' style=' width:100%; border-color:#000000;' ><span class='hr-inner-style'><\/span><\/span><\/div><br \/>\n<section class=\"av_textblock_section \"  itemscope=\"itemscope\" itemtype=\"https:\/\/schema.org\/CreativeWork\" ><div class='avia_textblock  '   itemprop=\"text\" ><p>T. 943 85 25 11<br \/>\nE. <a href=\"mailto:info@izpioptika.com\">info@izpioptika.com<\/a><\/p>\n<\/div><\/section><\/p><\/div><div class=\"flex_column av_one_third  av-animated-generic bottom-to-top  flex_column_div av-zero-column-padding   avia-builder-el-8  el_after_av_one_third  avia-builder-el-last  column-top-margin\" style='border-radius:0px; '><\/div>\n\n<div  class='av_gmaps_sc_main_wrap av_gmaps_main_wrap '><div id='av_gmap_0' class='avia-google-map-container avia-google-map-sc av_gmaps_show_unconditionally av-no-fallback-img  av-small-hide av-mini-hide' data-mapid='av_gmap_0'  style='height: 600px;'><a class=\"av_gmaps_browser_disabled av_text_confirm_link av_text_confirm_link_visible\" href=\"https:\/\/www.google.com\/maps\/search\/?api=1&#038;query=Julio%20Urkijo%20Hiribidea,%208%20%2020720%20%20Azkoitia%20%20Espa\u00f1a\" target=\"_blank\" rel=\"noopener\">Maps were disabled by the visitor on this site. Click to open the map in a new window.<\/a><\/div><\/div>\n<div  class='av_gmaps_sc_main_wrap av_gmaps_main_wrap '><div id='av_gmap_1' class='avia-google-map-container avia-google-map-sc av_gmaps_show_unconditionally av-no-fallback-img  av-desktop-hide av-medium-hide' data-mapid='av_gmap_1'  style='height: 300px;'><a class=\"av_gmaps_browser_disabled av_text_confirm_link av_text_confirm_link_visible\" href=\"https:\/\/www.google.com\/maps\/search\/?api=1&#038;query=Julio%20Urkijo%20Hiribidea,%208%20%2020720%20%20Azkoitia%20%20Espa\u00f1a\" target=\"_blank\" rel=\"noopener\">Maps were disabled by the visitor on this site. Click to open the map in a new window.<\/a><\/div><\/div>\n<div id='av_section_2'  class='avia-section main_color avia-section-no-padding avia-no-border-styling avia-full-stretch avia-bg-style-fixed  avia-builder-el-11  el_after_av_google_map  el_before_av_section   av-small-hide av-mini-hide av-minimum-height av-minimum-height-50  container_wrap fullsize' style='background-repeat: no-repeat; background-image: url(https:\/\/izpioptika.com\/wp-content\/uploads\/2018\/11\/Izpi-Optika.jpg);background-attachment: fixed; background-position: center center;  '  data-section-bg-repeat='stretch' data-av_minimum_height_pc='50'><div class='container' ><div class='template-page content  av-content-full alpha units'><div class='post-entry post-entry-type-page post-entry-709'><div class='entry-content-wrapper clearfix'>\n<\/div><\/div><\/main><!-- close content main element --><\/div><\/div><div id='av_section_3'  class='avia-section main_color avia-section-no-padding avia-no-border-styling avia-full-stretch avia-bg-style-scroll  avia-builder-el-12  el_after_av_section  el_before_av_postcontent   av-desktop-hide av-medium-hide av-minimum-height av-minimum-height-25  container_wrap fullsize' style='background-repeat: no-repeat; background-image: url(https:\/\/izpioptika.com\/wp-content\/uploads\/2018\/11\/Izpi-Optika.jpg);background-attachment: scroll; background-position: center center;  '  data-section-bg-repeat='stretch' data-av_minimum_height_pc='25'><div class='container' ><div class='template-page content  av-content-full alpha units'><div class='post-entry post-entry-type-page post-entry-709'><div class='entry-content-wrapper clearfix'>\n[av_section min_height='' min_height_px='500px' padding='default' shadow='no-shadow' bottom_border='no-border-styling' bottom_border_diagonal_color='#333333' bottom_border_diagonal_direction='' bottom_border_style='' custom_margin='0px' custom_margin_sync='true' custom_arrow_bg='' id='garantia' color='main_color' background='bg_color' custom_bg='#ffffff' background_gradient_color1='' background_gradient_color2='' background_gradient_direction='vertical' src='' attachment='' attachment_size='' attach='scroll' position='top left' repeat='no-repeat' video='' video_ratio='16:9' overlay_opacity='0.5' overlay_color='' overlay_pattern='' overlay_custom_pattern='' av_element_hidden_in_editor='0' av_uid='av-jpv4qzwq']\r\n\r\n[av_one_fifth first min_height='av-equal-height-column' vertical_alignment='av-align-middle' space='no_margin' margin='0px' margin_sync='true' link='' linktarget='' link_hover='' padding='0px' padding_sync='true' border='' border_color='' radius='0px' radius_sync='true' background='bg_color' background_color='' background_gradient_color1='' background_gradient_color2='' background_gradient_direction='vertical' src='' attachment='' attachment_size='' background_position='top left' background_repeat='no-repeat' animation='bottom-to-top' mobile_breaking='' mobile_display='' av_uid='av-uet7']\r\n\r\n[av_textblock size='' font_color='' color='' av-medium-font-size='' av-small-font-size='' av-mini-font-size='' av_uid='av-jpv4u5h5' admin_preview_bg='']\r\n<p style=\"text-align: center;\"><img class=\"alignnone wp-image-631 size-full\" src=\"https:\/\/izpioptika.com\/wp-content\/uploads\/2018\/12\/garantia-izpi.png\" alt=\"\" width=\"150\" height=\"150\" \/><\/p>\r\n[\/av_textblock]\r\n\r\n[\/av_one_fifth][av_one_fourth min_height='' vertical_alignment='av-align-top' space='' margin='0px' margin_sync='true' link='' linktarget='' link_hover='' padding='0px' padding_sync='true' border='' border_color='' radius='0px' radius_sync='true' background='bg_color' background_color='' background_gradient_color1='' background_gradient_color2='' background_gradient_direction='vertical' src='' attachment='' attachment_size='' background_position='top left' background_repeat='no-repeat' animation='bottom-to-top' mobile_breaking='' mobile_display='' av_uid='av-uet7']\r\n\r\n[av_textblock size='' font_color='' color='' av-medium-font-size='' av-small-font-size='' av-mini-font-size='' av_uid='av-jpv4u5h5' admin_preview_bg='']\r\n<p style=\"text-align: left;\">Garantizamos la satisfacci\u00f3n y adaptaci\u00f3n total de todos los productos que prescribimos en nuestra \u00f3ptica.<\/p>\r\n[\/av_textblock]\r\n\r\n[\/av_one_fourth][av_one_fifth min_height='' vertical_alignment='av-align-top' space='' margin='0px' margin_sync='true' link='' linktarget='' link_hover='' padding='0px' padding_sync='true' border='' border_color='' radius='0px' radius_sync='true' background='bg_color' background_color='' background_gradient_color1='' background_gradient_color2='' background_gradient_direction='vertical' src='' attachment='' attachment_size='' background_position='top left' background_repeat='no-repeat' animation='bottom-to-top' mobile_breaking='' mobile_display='' av_uid='av-uet7']\r\n\r\n[av_textblock size='' font_color='' color='' av-medium-font-size='' av-small-font-size='' av-mini-font-size='' av_uid='av-jpv4u5h5' admin_preview_bg='']\r\n<p style=\"text-align: center;\"><img class=\"alignnone wp-image-632 size-full\" src=\"https:\/\/izpioptika.com\/wp-content\/uploads\/2018\/12\/financiacion-izpi.png\" alt=\"\" width=\"150\" height=\"150\" \/><\/p>\r\n[\/av_textblock]\r\n\r\n[\/av_one_fifth][av_one_third min_height='' vertical_alignment='av-align-top' space='' margin='0px' margin_sync='true' link='' linktarget='' link_hover='' padding='0px' padding_sync='true' border='' border_color='' radius='0px' radius_sync='true' background='bg_color' background_color='' background_gradient_color1='' background_gradient_color2='' background_gradient_direction='vertical' src='' attachment='' attachment_size='' background_position='top left' background_repeat='no-repeat' animation='bottom-to-top' mobile_breaking='' mobile_display='' av_uid='av-uet7']\r\n\r\n[av_textblock size='' font_color='' color='' av-medium-font-size='' av-small-font-size='' av-mini-font-size='' av_uid='av-jpv4u5h5' admin_preview_bg='']\r\n<p style=\"text-align: left;\">Financiamos la adquisici\u00f3n de tus aud\u00edfonos sin ning\u00fan coste para ti hasta 24 meses sin intereses.<\/p>\r\nPodr\u00e1s pagar tus gafas en c\u00f3modos plazos de 3 meses (sin intereses) y hasta un m\u00e1ximo de 12 meses.\r\n[\/av_textblock]\r\n\r\n[\/av_one_third][\/av_section]\n","protected":false},"excerpt":{"rendered":"","protected":false},"author":1,"featured_media":0,"parent":0,"menu_order":0,"comment_status":"closed","ping_status":"closed","template":"","meta":[],"_links":{"self":[{"href":"https:\/\/izpioptika.com\/es\/wp-json\/wp\/v2\/pages\/709"}],"collection":[{"href":"https:\/\/izpioptika.com\/es\/wp-json\/wp\/v2\/pages"}],"about":[{"href":"https:\/\/izpioptika.com\/es\/wp-json\/wp\/v2\/types\/page"}],"author":[{"embeddable":true,"href":"https:\/\/izpioptika.com\/es\/wp-json\/wp\/v2\/users\/1"}],"replies":[{"embeddable":true,"href":"https:\/\/izpioptika.com\/es\/wp-json\/wp\/v2\/comments?post=709"}],"version-history":[{"count":3,"href":"https:\/\/izpioptika.com\/es\/wp-json\/wp\/v2\/pages\/709\/revisions"}],"predecessor-version":[{"id":752,"href":"https:\/\/izpioptika.com\/es\/wp-json\/wp\/v2\/pages\/709\/revisions\/752"}],"wp:attachment":[{"href":"https:\/\/izpioptika.com\/es\/wp-json\/wp\/v2\/media?parent=709"}],"curies":[{"name":"wp","href":"https:\/\/api.w.org\/{rel}","templated":true}]}}